{"id":316,"date":"2025-12-23T11:17:11","date_gmt":"2025-12-23T11:17:11","guid":{"rendered":"https:\/\/dienmayphucloc.vn\/?post_type=product&#038;p=316"},"modified":"2025-12-23T11:17:13","modified_gmt":"2025-12-23T11:17:13","slug":"toi-dien-keo-6000lbs-12-24v","status":"publish","type":"product","link":"https:\/\/dienmayphucloc.vn\/index.php\/san-pham\/toi-dien-keo-6000lbs-12-24v\/","title":{"rendered":"T\u1eddi \u0111i\u1ec7n k\u00e9o 6000LBS (12-24V)"},"content":{"rendered":"<h3 id=\"1.+Th\u00f4ng+s\u1ed1+k\u1ef9+thu\u1eadt+t\u1eddi+\u0111i\u1ec7n+k\u00e9o+xe+6000LBS+(12-24V)\"><span style=\"color: #0000ff; font-size: 90%;\"><b><span lang=\"EN-US\">1. Th\u00f4ng s\u1ed1 k\u1ef9 thu\u1eadt t\u1eddi \u0111i\u1ec7n k\u00e9o xe 6000LBS (12-24V)<\/span><\/b><\/span><\/h3>\n<div>&#8211; \u0110i\u1ec7n \u00e1p: 12 ho\u1eb7c 24v<br \/>\n&#8211; Tr\u1ecdng t\u1ea3i k\u00e9o: 2700kg ( t\u1ea3i tr\u1ecdng n\u00e2ng 270kg, t\u1ea3i tr\u1ecdng n\u00e2ng x\u1ea5p x\u1ec9 1\/10 t\u1ea3i tr\u1ecdng k\u00e9o)<br \/>\n&#8211; K\u00edch th\u01b0\u1edbc: 415x160x217<br \/>\n&#8211; K\u00edch th\u01b0\u1edbc c\u00e1p: 15m*8mm<br \/>\n&#8211; Tr\u1ecdng l\u01b0\u1ee3ng: 31kg<br \/>\n&#8211; C\u00f4ng su\u1ea5t \u0111\u1ed9ng c\u01a1 (kW): 1.68<br \/>\n&#8211; T\u1ed1c \u0111\u1ed9 kh\u00f4ng t\u1ea3i (m\/ph\u00fat): 3.3<br \/>\n&#8211; Xu\u1ea5t x\u1ee9: Trung Qu\u1ed1c<\/div>\n<div>\n<h3 id=\"2.+Nh\u1eefng+\u01b0u+\u0111i\u1ec3m+v\u01b0\u1ee3t+tr\u1ed9i+c\u1ee7a+m\u00e1y+t\u1eddi+k\u00e9o+xe+6000LBS+(12-24V)\"><span style=\"color: #0000ff; font-size: 90%;\"><b><span lang=\"EN-US\">2. Nh\u1eefng \u01b0u \u0111i\u1ec3m v\u01b0\u1ee3t tr\u1ed9i c\u1ee7a m\u00e1y t\u1eddi k\u00e9o xe 6000LBS (12-24V)<\/span><\/b><\/span><\/h3>\n<h4 id=\"a.+K\u00e9o+\u0111\u01b0\u1ee3c+t\u1ea3i+tr\u1ecdng+l\u1edbn,+t\u1ed1i+\u0111a+2.6+t\u1ea5n\"><strong><span lang=\"EN-US\">a. K\u00e9o \u0111\u01b0\u1ee3c t\u1ea3i tr\u1ecdng l\u1edbn, t\u1ed1i \u0111a 2.6 t\u1ea5n<\/span><\/strong><\/h4>\n<div>\u0110\u1ed9ng c\u01a1 c\u1ee7a m\u00e1y t\u1eddi s\u1eed d\u1ee5ng \u0111i\u1ec7n acquy 12V, c\u00f4ng su\u1ea5t 2.7HP t\u01b0\u01a1ng \u0111\u1ed1i m\u1ea1nh m\u1ebd, \u0111\u00e1p \u1ee9ng t\u1ed1t cho m\u1ee9c t\u1ea3i tr\u1ecdng 2.6 t\u1ea5n. 6000LBS (12-24V) d\u1ec5 d\u00e0ng k\u00e9o theo ph\u01b0\u01a1ng ngang ho\u1eb7c th\u1eb3ng \u0111\u1ee9ng (b\u1eb3ng 1\/10 m\u1ee9c k\u00e9o ngang). Ch\u00ednh v\u00ec th\u1ebf, thi\u1ebft b\u1ecb n\u00e0y \u1ee9ng d\u1ee5ng t\u1ed1t trong nh\u1eefng t\u00ecnh hu\u1ed1ng xe t\u1ea3i, \u00f4 t\u00f4 c\u1ee7a b\u1ea1n b\u1ecb m\u1eafc k\u1eb9t t\u1ea1i n\u01a1i s\u1ea1t l\u1edf, v\u00f9i s\u00e2u trong b\u00f9i l\u1ea7y, \u0111\u1ecba h\u00ecnh kh\u00f3 di chuy\u1ec3n,\u2026.<\/div>\n<h4 id=\"b.+Thi\u1ebft+k\u1ebf+g\u1ecdn+nh\u1eb9+ti\u1ec7n+d\u1ee5ng,+d\u1ec5+l\u1eafp+\u0111\u1eb7t\"><b><span lang=\"EN-US\">b. Thi\u1ebft k\u1ebf g\u1ecdn nh\u1eb9 ti\u1ec7n d\u1ee5ng, d\u1ec5 l\u1eafp \u0111\u1eb7t<\/span><\/b><\/h4>\n<div>T\u1eddi \u0111i\u1ec7n k\u00e9o xe\u00a06000LBS (12-24V) c\u00f3 thi\u1ebft k\u1ebf g\u1ecdn nh\u1eb9, ti\u1ec7n d\u1ee5ng v\u1edbi t\u1ed5ng k\u00edch th\u01b0\u1edbc kho\u1ea3ng 415 x 160 x 217mm. Trong \u0111\u00f3, k\u00edch th\u01b0\u1edbc c\u00e1p 6.4mm x 20m;\u00a0 Chi\u1ec1u d\u00e0i tr\u1ed1ng 80mm\u2026 gi\u00fap ng\u01b0\u1eddi d\u00f9ng linh ho\u1ea1t trong s\u1eed d\u1ee5ng v\u00e0 thao t\u00e1c. D\u1ec5 d\u00e0ng b\u1ea3o qu\u1ea3n v\u00ec kh\u00f4ng chi\u1ebfm nhi\u1ec1u di\u1ec7n t\u00edch kh\u00f4ng gian.<br \/>\n\u0110\u1eb7c bi\u1ec7t c\u1ea5u tr\u00fac c\u00e1c b\u1ed9 ph\u1eadn m\u00e1y t\u01b0\u01a1ng \u0111\u1ed1i \u0111\u01a1n gi\u1ea3n, d\u1ec5 d\u00e0ng l\u1eafp \u0111\u1eb7t v\u1edbi nhau. Kh\u00f4ng c\u1ea7n hi\u1ec3u bi\u1ebft qu\u00e1 nhi\u1ec1u v\u1ec1 k\u1ef9 thu\u1eadn, b\u1ea1n v\u1eabn \u0111\u1ecdc hi\u1ec3u \u0111\u01b0\u1ee3c v\u00e0 th\u1ef1c h\u00e0nh ch\u00ednh x\u00e1c l\u1eafp r\u00e1p m\u00e1y b\u1edfi 6000LBS (12-24V) thi\u1ebft k\u1ebf m\u00e0u s\u1eafc d\u00e2y \u0111i\u1ec7n k\u1ebft n\u1ed1i ph\u00e2n bi\u1ec7t r\u00f5 r\u00e0ng. Tr\u00ean th\u00e2n m\u00e1y c\u00f2n \u0111\u00e1nh d\u1ea5u c\u00e1c c\u1ef1c \u0111\u01a1n gi\u1ea3n cho vi\u1ec7c nh\u1eadn bi\u1ebft.<\/div>\n<div>\n<h4 id=\"c.+Ch\u1ea5t+li\u1ec7u+cao+c\u1ea5p,+ch\u1ed1ng+ch\u1ecbu+t\u1ed1t+m\u00f4i+tr\u01b0\u1eddng+l\u00e0m+vi\u1ec7c+kh\u1eafc+nghi\u1ec7t\"><b><span lang=\"EN-US\">c. Ch\u1ea5t li\u1ec7u cao c\u1ea5p, ch\u1ed1ng ch\u1ecbu t\u1ed1t m\u00f4i tr\u01b0\u1eddng l\u00e0m vi\u1ec7c kh\u1eafc nghi\u1ec7t<\/span><\/b><\/h4>\n<div>6000LBS (12V) \u0111\u01b0\u1ee3c c\u1ea5u t\u1ea1o b\u1eb1ng ch\u1ea5t li\u1ec7u nh\u00f4m v\u00e0 th\u00e9p b\u1ec1n, ch\u1ea5t ch\u1ed1ng th\u1ea5m gi\u1eef n\u01b0\u1edbc gi\u00fap m\u00e1y c\u00f3 kh\u1ea3 n\u0103ng ch\u1ed1ng ch\u1ecbu t\u1ed1t b\u1edfi s\u1ef1 t\u00e1c \u0111\u1ed9ng c\u1ee7a c\u00e1c y\u1ebfu t\u1ed1 t\u1eeb b\u00ean ngo\u00e0i, c\u00f9ng v\u1edbi thi\u1ebft k\u1ebf c\u00e1c l\u1ed7 ti\u00eau chu\u1ea9n \u0111\u1ec3 \u0111\u1ea5u n\u1ed1i c\u1ee7a t\u1ea5t c\u1ea3 c\u00e1c kh\u1edbp n\u1ed1i kim lo\u1ea1i, r\u1ea5t ti\u1ec7n l\u1ee3i \u0111\u1ec3 \u0111\u00e1p \u1ee9ng c\u00e1c nhu c\u1ea7u k\u00e9o kh\u00e1c nhau c\u1ee7a ng\u01b0\u1eddi d\u00f9ng.<\/div>\n<h4 id=\"d.+Gi\u1ea3i+ph\u00e1p+ti\u1ebft+ki\u1ec7m+th\u1eddi+gian+v\u00e0+c\u00f4ng+s\u1ee9c+hi\u1ec7u+qu\u1ea3\"><b><span lang=\"EN-US\">d. Gi\u1ea3i ph\u00e1p ti\u1ebft ki\u1ec7m th\u1eddi gian v\u00e0 c\u00f4ng s\u1ee9c hi\u1ec7u qu\u1ea3<\/span><\/b><\/h4>\n<div>Trong nh\u1eefng t\u00ecnh hu\u1ed1ng nguy c\u1ea5p, \u0111\u00e2y ch\u1eafc ch\u1eafn l\u00e0 gi\u1ea3i ph\u00e1p ti\u1ec7n l\u1ee3i nh\u1ea5t, ti\u1ebft ki\u1ec7m th\u1eddi gian v\u00e0 chi ph\u00ed h\u01a1n nhi\u1ec1u khi g\u1ecdi \u0111\u1ebfn c\u00e1c \u0111\u01a1n v\u1ecb c\u1ee9u h\u1ed9. \u0110\u1ed3ng th\u1eddi, 6000LBS (12-24V) t\u1ea1o ra cho ng\u01b0\u1eddi d\u00f9ng s\u1ef1 ch\u1ee7 \u0111\u1ed9ng trong t\u00ecnh hu\u1ed1ng kh\u00f3 kh\u0103n, b\u1ea5t l\u1ee3i, kh\u00f4ng b\u1ecb ph\u1ee5 thu\u1ed9c v\u00e0o c\u00e1c y\u1ebfu t\u1ed1 b\u00ean ngo\u00e0i.<\/div>\n<div>\n<p data-start=\"1496\" data-end=\"1551\">\u2014\u2014\u2014\u2014\u2014\u2014\u2014\u2014\u2014<\/p>\n<p data-start=\"1496\" data-end=\"1551\"><span style=\"color: #0000ff;\">M\u1ecdi th\u00f4ng tin chi ti\u1ebft v\u1ec1 s\u1ea3n ph\u1ea9m\u00a0Qu\u00fd kh\u00e1ch vui l\u00f2ng li\u00ean h\u1ec7 v\u1edbi ch\u00fang t\u00f4i theo :<\/span><\/p>\n<p><img decoding=\"async\" class=\"emoji\" role=\"img\" draggable=\"false\" src=\"https:\/\/s.w.org\/images\/core\/emoji\/17.0.2\/svg\/260e.svg\" alt=\"\u260e\ufe0f\" \/>\u0110i\u1ec7n tho\u1ea1i: Mr L\u1ed9c :0942.18.69.69<\/p>\n<p><img decoding=\"async\" class=\"emoji\" role=\"img\" draggable=\"false\" src=\"https:\/\/s.w.org\/images\/core\/emoji\/17.0.2\/svg\/1f4e9.svg\" alt=\"\ud83d\udce9\" \/>Email: Ducloctb86 gmail.com<\/p>\n<p><img decoding=\"async\" class=\"emoji\" role=\"img\" draggable=\"false\" src=\"https:\/\/s.w.org\/images\/core\/emoji\/17.0.2\/svg\/1f3e0.svg\" alt=\"\ud83c\udfe0\" \/>\u0110\u1ecba ch\u1ec9 xem h\u00e0ng : S\u1ed1 11 Ng\u00f5 14 T\u1ea3 Thanh Oai,Thanh Tr\u00ec, H\u00e0 N\u1ed9i.<\/p>\n<\/div>\n<\/div>\n<\/div>\n","protected":false},"excerpt":{"rendered":"<p>T\u1eddi \u0111i\u1ec7n 6000LB d\u00f9ng \u0111\u1ec3 k\u00e9o, n\u00e2ng h\u1ea1 v\u1eadt n\u1eb7ng nh\u01b0 h\u00e0ng h\u00f3a, m\u00e1y m\u00f3c v\u00e0 c\u1ee9u h\u1ed9 xe. S\u1ea3n ph\u1ea9m cho l\u1ef1c k\u00e9o m\u1ea1nh, v\u1eadn h\u00e0nh b\u1eb1ng \u0111i\u1ec7n, gi\u00fap ti\u1ebft ki\u1ec7m s\u1ee9c lao \u0111\u1ed9ng v\u00e0 \u0111\u1ea3m b\u1ea3o an to\u00e0n khi s\u1eed d\u1ee5ng.<\/p>\n","protected":false},"featured_media":317,"comment_status":"open","ping_status":"closed","template":"","meta":[],"product_brand":[],"product_cat":[15],"product_tag":[],"class_list":{"0":"post-316","1":"product","2":"type-product","3":"status-publish","4":"has-post-thumbnail","6":"product_cat-may-toi","8":"first","9":"instock","10":"sale","11":"shipping-taxable","12":"purchasable","13":"product-type-simple"},"_links":{"self":[{"href":"https:\/\/dienmayphucloc.vn\/index.php\/wp-json\/wp\/v2\/product\/316","targetHints":{"allow":["GET"]}}],"collection":[{"href":"https:\/\/dienmayphucloc.vn\/index.php\/wp-json\/wp\/v2\/product"}],"about":[{"href":"https:\/\/dienmayphucloc.vn\/index.php\/wp-json\/wp\/v2\/types\/product"}],"replies":[{"embeddable":true,"href":"https:\/\/dienmayphucloc.vn\/index.php\/wp-json\/wp\/v2\/comments?post=316"}],"wp:featuredmedia":[{"embeddable":true,"href":"https:\/\/dienmayphucloc.vn\/index.php\/wp-json\/wp\/v2\/media\/317"}],"wp:attachment":[{"href":"https:\/\/dienmayphucloc.vn\/index.php\/wp-json\/wp\/v2\/media?parent=316"}],"wp:term":[{"taxonomy":"product_brand","embeddable":true,"href":"https:\/\/dienmayphucloc.vn\/index.php\/wp-json\/wp\/v2\/product_brand?post=316"},{"taxonomy":"product_cat","embeddable":true,"href":"https:\/\/dienmayphucloc.vn\/index.php\/wp-json\/wp\/v2\/product_cat?post=316"},{"taxonomy":"product_tag","embeddable":true,"href":"https:\/\/dienmayphucloc.vn\/index.php\/wp-json\/wp\/v2\/product_tag?post=316"}],"curies":[{"name":"wp","href":"https:\/\/api.w.org\/{rel}","templated":true}]}}