{"id":300,"date":"2025-12-23T10:35:48","date_gmt":"2025-12-23T10:35:48","guid":{"rendered":"https:\/\/dienmayphucloc.vn\/?post_type=product&#038;p=300"},"modified":"2025-12-23T10:35:48","modified_gmt":"2025-12-23T10:35:48","slug":"palang-xich-psk","status":"publish","type":"product","link":"https:\/\/dienmayphucloc.vn\/index.php\/san-pham\/palang-xich-psk\/","title":{"rendered":"Palang x\u00edch PSK"},"content":{"rendered":"<h3 data-start=\"436\" data-end=\"459\">\ud83d\udd39 <span style=\"color: #0000ff;\">\u0110\u1eb7c \u0111i\u1ec3m n\u1ed5i b\u1eadt<\/span><\/h3>\n<div class=\"WaaZC\">\n<div class=\"RJPOee EIJn2\">\n<div class=\"rPeykc uP58nb MNX06c\" data-hveid=\"CAgQAQ\" data-ved=\"2ahUKEwjbmsrWwNORAxV9nK8BHZmlLVkQo_EKegQICBAB\"><span data-huuid=\"9062295615391189562\"><span role=\"heading\" aria-level=\"2\">C\u00e1c m\u1ee9c t\u1ea3i tr\u1ecdng ph\u1ed5 bi\u1ebfn kh\u00e1c c\u1ee7a pa l\u0103ng v\u00e0 t\u1eddi k\u00e9o th\u01b0\u01a1ng hi\u1ec7u PSK bao g\u1ed3m:<\/span><\/span><\/div>\n<\/div>\n<\/div>\n<div class=\"WaaZC\">\n<div class=\"RJPOee EIJn2\">\n<ul data-hveid=\"CBYQAQ\" data-ved=\"2ahUKEwjbmsrWwNORAxV9nK8BHZmlLVkQm_YKegQIFhAB\">\n<li><span data-huuid=\"9062295615391188883\"><strong>2000 kg<\/strong>\u00a0(2 t\u1ea5n): C\u00f3 s\u1eb5n cho t\u1eddi quay tay PSK.<span class=\"pjBG2e\" data-cid=\"c4208a61-ba9e-4b4e-adbc-463a0bb53f6a\"><span class=\"UV3uM\">\u00a0<\/span><\/span><\/span>\n<div class=\"NPrrbc\" data-cid=\"c4208a61-ba9e-4b4e-adbc-463a0bb53f6a\" data-uuids=\"9062295615391188883\">\n<div class=\"BMebGe btku5b LwdV0e FR7ZSc OJeuxf\" tabindex=\"0\" role=\"button\" aria-label=\"Xem c\u00e1c \u0111\u01b0\u1eddng li\u00ean k\u1ebft c\u00f3 li\u00ean quan\" data-hveid=\"CA4QAQ\" data-ved=\"2ahUKEwjbmsrWwNORAxV9nK8BHZmlLVkQ3fYKegQIDhAB\">\n<div class=\"niO4u\"><\/div>\n<\/div>\n<\/div>\n<\/li>\n<li><span data-huuid=\"9062295615391187065\"><strong>3000 kg<\/strong>\u00a0(3 t\u1ea5n): C\u00f3 s\u1eb5n cho t\u1eddi c\u00e1p quay tay PSK.<span class=\"pjBG2e\" data-cid=\"4f7cda16-1f18-4a96-a7eb-6fdd5113eb6c\"><span class=\"UV3uM\">\u00a0<\/span><\/span><\/span>\n<div class=\"NPrrbc\" data-cid=\"4f7cda16-1f18-4a96-a7eb-6fdd5113eb6c\" data-uuids=\"9062295615391187065\">\n<div class=\"BMebGe btku5b LwdV0e FR7ZSc OJeuxf\" tabindex=\"0\" role=\"button\" aria-label=\"Xem c\u00e1c \u0111\u01b0\u1eddng li\u00ean k\u1ebft c\u00f3 li\u00ean quan\" data-hveid=\"CA8QAQ\" data-ved=\"2ahUKEwjbmsrWwNORAxV9nK8BHZmlLVkQ3fYKegQIDxAB\">\n<div class=\"niO4u\"><\/div>\n<\/div>\n<\/div>\n<\/li>\n<li><span data-huuid=\"9062295615391189343\"><strong>6 t\u1ea5n, 8 t\u1ea5n, 12 t\u1ea5n, 18 t\u1ea5n<\/strong>: C\u00e1c m\u1ee9c t\u1ea3i tr\u1ecdng n\u00e0y d\u00e0nh cho r\u00f9a di chuy\u1ec3n m\u00e1y (roller skates) c\u1ee7a h\u00e3ng PSK<\/span><\/li>\n<\/ul>\n<\/div>\n<\/div>\n<ul data-start=\"460\" data-end=\"786\">\n<li data-start=\"460\" data-end=\"526\">\n<p data-start=\"462\" data-end=\"526\">T\u1ea3i tr\u1ecdng n\u00e2ng <strong data-start=\"477\" data-end=\"486\">1 t\u1ea5n,<\/strong>, \u0111\u00e1p \u1ee9ng t\u1ed1t nhu c\u1ea7u n\u00e2ng h\u1ea1 ph\u1ed5 bi\u1ebfn<\/p>\n<\/li>\n<li data-start=\"527\" data-end=\"593\">\n<p data-start=\"529\" data-end=\"593\">Th\u00e2n palang b\u1eb1ng <strong data-start=\"546\" data-end=\"568\">th\u00e9p \u0111\u00fac ch\u1eafc ch\u1eafn<\/strong>, s\u01a1n t\u0129nh \u0111i\u1ec7n b\u1ec1n m\u00e0u<\/p>\n<\/li>\n<li data-start=\"594\" data-end=\"655\">\n<p data-start=\"596\" data-end=\"655\"><strong data-start=\"596\" data-end=\"624\">X\u00edch t\u1ea3i h\u1ee3p kim cao c\u1ea5p<\/strong>, ch\u1ecbu l\u1ef1c t\u1ed1t, ch\u1ed1ng m\u00e0i m\u00f2n<\/p>\n<\/li>\n<li data-start=\"656\" data-end=\"718\">\n<p data-start=\"658\" data-end=\"718\">M\u00f3c treo tr\u00ean \u2013 d\u01b0\u1edbi c\u00f3 <strong data-start=\"682\" data-end=\"698\">ch\u1ed1t an to\u00e0n<\/strong>, h\u1ea1n ch\u1ebf tu\u1ed9t t\u1ea3i<\/p>\n<\/li>\n<li data-start=\"719\" data-end=\"786\">\n<p data-start=\"721\" data-end=\"786\">Ho\u1ea1t \u0111\u1ed9ng <strong data-start=\"731\" data-end=\"749\">kh\u00f4ng c\u1ea7n \u0111i\u1ec7n<\/strong>, linh ho\u1ea1t m\u1ecdi m\u00f4i tr\u01b0\u1eddng l\u00e0m vi\u1ec7c<\/p>\n<\/li>\n<\/ul>\n<h3 data-start=\"788\" data-end=\"811\">\ud83d\udd39 <span style=\"color: #0000ff;\">\u1ee8ng d\u1ee5ng th\u1ef1c t\u1ebf<\/span><\/h3>\n<p data-start=\"812\" data-end=\"1033\">Palang x\u00edch k\u00e9o tay PSK\u00a0 \u0111\u01b0\u1ee3c d\u00f9ng \u0111\u1ec3 n\u00e2ng h\u1ea1 m\u00e1y m\u00f3c, linh ki\u1ec7n, v\u1eadt li\u1ec7u x\u00e2y d\u1ef1ng, thi\u1ebft b\u1ecb c\u01a1 kh\u00ed trong nh\u00e0 x\u01b0\u1edfng, kho h\u00e0ng, c\u00f4ng tr\u00ecnh ho\u1eb7c gara s\u1eeda ch\u1eefa. Ph\u00f9 h\u1ee3p c\u1ea3 kh\u00f4ng gian h\u1eb9p v\u00e0 khu v\u1ef1c kh\u00f4ng c\u00f3 ngu\u1ed3n \u0111i\u1ec7n.<\/p>\n<h3 data-start=\"1035\" data-end=\"1061\">\ud83d\udd39<span style=\"color: #0000ff;\"> \u01afu \u0111i\u1ec3m khi s\u1eed d\u1ee5ng<\/span><\/h3>\n<ul data-start=\"1062\" data-end=\"1199\">\n<li data-start=\"1062\" data-end=\"1085\">\n<p data-start=\"1064\" data-end=\"1085\">An to\u00e0n, d\u1ec5 s\u1eed d\u1ee5ng<\/p>\n<\/li>\n<li data-start=\"1086\" data-end=\"1113\">\n<p data-start=\"1088\" data-end=\"1113\">\u0110\u1ed9 b\u1ec1n cao, \u00edt h\u1ecfng h\u00f3c<\/p>\n<\/li>\n<li data-start=\"1114\" data-end=\"1142\">\n<p data-start=\"1116\" data-end=\"1142\">Ti\u1ebft ki\u1ec7m chi ph\u00ed \u0111\u1ea7u t\u01b0<\/p>\n<\/li>\n<li data-start=\"1143\" data-end=\"1199\">\n<p data-start=\"1145\" data-end=\"1199\">Hi\u1ec7u qu\u1ea3 trong nhi\u1ec1u l\u0129nh v\u1ef1c c\u00f4ng nghi\u1ec7p &amp; d\u00e2n d\u1ee5ng<\/p>\n<\/li>\n<\/ul>\n<h3 data-start=\"1496\" data-end=\"1551\"><span style=\"color: #0000ff;\">M\u1ecdi th\u00f4ng tin chi ti\u1ebft v\u1ec1 s\u1ea3n ph\u1ea9m\u00a0Qu\u00fd kh\u00e1ch vui l\u00f2ng li\u00ean h\u1ec7 v\u1edbi ch\u00fang t\u00f4i theo :<\/span><\/h3>\n<p><img decoding=\"async\" class=\"emoji\" role=\"img\" draggable=\"false\" src=\"https:\/\/s.w.org\/images\/core\/emoji\/17.0.2\/svg\/260e.svg\" alt=\"\u260e\ufe0f\" \/>\u0110i\u1ec7n tho\u1ea1i: Mr L\u1ed9c :0942.18.69.69<\/p>\n<p><img decoding=\"async\" class=\"emoji\" role=\"img\" draggable=\"false\" src=\"https:\/\/s.w.org\/images\/core\/emoji\/17.0.2\/svg\/1f4e9.svg\" alt=\"\ud83d\udce9\" \/>Email: Ducloctb86 gmail.com<\/p>\n<p><img decoding=\"async\" class=\"emoji\" role=\"img\" draggable=\"false\" src=\"https:\/\/s.w.org\/images\/core\/emoji\/17.0.2\/svg\/1f3e0.svg\" alt=\"\ud83c\udfe0\" \/>\u0110\u1ecba ch\u1ec9 xem h\u00e0ng : S\u1ed1 11 Ng\u00f5 14 T\u1ea3 Thanh Oai,Thanh Tr\u00ec, H\u00e0 N\u1ed9i<\/p>\n","protected":false},"excerpt":{"rendered":"<p>Palang x\u00edch k\u00e9o tay PSK l\u00e0 thi\u1ebft b\u1ecb n\u00e2ng h\u1ea1 th\u1ee7 c\u00f4ng \u0111\u01b0\u1ee3c s\u1eed d\u1ee5ng r\u1ed9ng r\u00e3i trong nh\u00e0 x\u01b0\u1edfng, c\u00f4ng tr\u00ecnh x\u00e2y d\u1ef1ng, kho b\u00e3i v\u00e0 s\u1eeda ch\u1eefa c\u01a1 kh\u00ed. S\u1ea3n ph\u1ea9m n\u1ed5i b\u1eadt v\u1edbi thi\u1ebft k\u1ebf ch\u1eafc ch\u1eafn, v\u1eadn h\u00e0nh \u0111\u01a1n gi\u1ea3n v\u00e0 kh\u1ea3 n\u0103ng ch\u1ecbu t\u1ea3i \u1ed5n \u0111\u1ecbnh.<\/p>\n","protected":false},"featured_media":301,"comment_status":"open","ping_status":"closed","template":"","meta":[],"product_brand":[],"product_cat":[17],"product_tag":[],"class_list":{"0":"post-300","1":"product","2":"type-product","3":"status-publish","4":"has-post-thumbnail","6":"product_cat-pa-lang-xich","8":"first","9":"instock","10":"sale","11":"shipping-taxable","12":"purchasable","13":"product-type-simple"},"_links":{"self":[{"href":"https:\/\/dienmayphucloc.vn\/index.php\/wp-json\/wp\/v2\/product\/300","targetHints":{"allow":["GET"]}}],"collection":[{"href":"https:\/\/dienmayphucloc.vn\/index.php\/wp-json\/wp\/v2\/product"}],"about":[{"href":"https:\/\/dienmayphucloc.vn\/index.php\/wp-json\/wp\/v2\/types\/product"}],"replies":[{"embeddable":true,"href":"https:\/\/dienmayphucloc.vn\/index.php\/wp-json\/wp\/v2\/comments?post=300"}],"wp:featuredmedia":[{"embeddable":true,"href":"https:\/\/dienmayphucloc.vn\/index.php\/wp-json\/wp\/v2\/media\/301"}],"wp:attachment":[{"href":"https:\/\/dienmayphucloc.vn\/index.php\/wp-json\/wp\/v2\/media?parent=300"}],"wp:term":[{"taxonomy":"product_brand","embeddable":true,"href":"https:\/\/dienmayphucloc.vn\/index.php\/wp-json\/wp\/v2\/product_brand?post=300"},{"taxonomy":"product_cat","embeddable":true,"href":"https:\/\/dienmayphucloc.vn\/index.php\/wp-json\/wp\/v2\/product_cat?post=300"},{"taxonomy":"product_tag","embeddable":true,"href":"https:\/\/dienmayphucloc.vn\/index.php\/wp-json\/wp\/v2\/product_tag?post=300"}],"curies":[{"name":"wp","href":"https:\/\/api.w.org\/{rel}","templated":true}]}}