{"id":292,"date":"2025-12-23T07:00:09","date_gmt":"2025-12-23T07:00:09","guid":{"rendered":"https:\/\/dienmayphucloc.vn\/?post_type=product&#038;p=292"},"modified":"2025-12-23T07:00:09","modified_gmt":"2025-12-23T07:00:09","slug":"palang-xich-keo-tay-vj","status":"publish","type":"product","link":"https:\/\/dienmayphucloc.vn\/index.php\/san-pham\/palang-xich-keo-tay-vj\/","title":{"rendered":"Palang x\u00edch k\u00e9o tay VJ"},"content":{"rendered":"<h3 data-sourcepos=\"5:1-5:58\"><span style=\"color: #0000ff;\"> D\u01b0\u1edbi \u0111\u00e2y l\u00e0 b\u1ea3ng th\u00f4ng s\u1ed1 k\u1ef9 thu\u1eadt ng\u1eafn g\u1ecdn cho palang x\u00edch k\u00e9o tay:<\/span><\/h3>\n<p><img loading=\"lazy\" decoding=\"async\" class=\"alignnone  wp-image-293\" src=\"https:\/\/dienmayphucloc.vn\/wp-content\/uploads\/2025\/12\/Thong-so-Palang-Xich-APOLLO-e1735355499471-300x231.png\" alt=\"\" width=\"467\" height=\"359\" srcset=\"https:\/\/dienmayphucloc.vn\/wp-content\/uploads\/2025\/12\/Thong-so-Palang-Xich-APOLLO-e1735355499471-300x231.png 300w, https:\/\/dienmayphucloc.vn\/wp-content\/uploads\/2025\/12\/Thong-so-Palang-Xich-APOLLO-e1735355499471-500x384.png 500w, https:\/\/dienmayphucloc.vn\/wp-content\/uploads\/2025\/12\/Thong-so-Palang-Xich-APOLLO-e1735355499471.png 700w\" sizes=\"auto, (max-width: 467px) 100vw, 467px\" \/><\/p>\n<h3 data-sourcepos=\"5:1-5:58\"><span style=\"color: #0000ff;\">\u0110\u1eb7c \u0111i\u1ec3m n\u1ed5i b\u1eadt c\u1ee7a Palang X\u00edch\u00a0 VJ<\/span><\/h3>\n<ul data-sourcepos=\"7:1-13:0\">\n<li data-sourcepos=\"7:1-7:105\"><strong>Ch\u1ea5t l\u01b0\u1ee3ng cao:<\/strong>\u00a0\u0110\u01b0\u1ee3c s\u1ea3n xu\u1ea5t tr\u00ean d\u00e2y chuy\u1ec1n c\u00f4ng ngh\u1ec7 hi\u1ec7n \u0111\u1ea1i, \u0111\u1ea3m b\u1ea3o ch\u1ea5t l\u01b0\u1ee3ng v\u00e0 \u0111\u1ed9 b\u1ec1n cao.<\/li>\n<li data-sourcepos=\"8:1-8:106\"><strong>T\u1ea3i tr\u1ecdng n\u00e2ng l\u1edbn:<\/strong> C\u00f3 th\u1ec3 n\u00e2ng \u0111\u01b0\u1ee3c t\u1ea3i tr\u1ecdng t\u1eeb 1 t\u1ea5n \u0111\u1ebfn 10 t\u1ea5n, \u0111\u00e1p \u1ee9ng nhu c\u1ea7u n\u00e2ng h\u1ea1 h\u00e0ng h\u00f3a n\u1eb7ng.<\/li>\n<li data-sourcepos=\"9:1-9:112\"><strong>Chi\u1ec1u d\u00e0i x\u00edch ph\u00f9 h\u1ee3p:<\/strong> Chi\u1ec1u d\u00e0i x\u00edch linh ho\u1ea1t, ph\u00f9 h\u1ee3p v\u1edbi nhi\u1ec1u kh\u00f4ng gian l\u00e0m vi\u1ec7c kh\u00e1c nhau.<\/li>\n<li data-sourcepos=\"10:1-10:95\"><strong>V\u1eadn h\u00e0nh d\u1ec5 d\u00e0ng:<\/strong>\u00a0Thi\u1ebft k\u1ebf \u0111\u01a1n gi\u1ea3n, d\u1ec5 s\u1eed d\u1ee5ng, kh\u00f4ng y\u00eau c\u1ea7u k\u1ef9 n\u0103ng v\u1eadn h\u00e0nh ph\u1ee9c t\u1ea1p.<\/li>\n<li data-sourcepos=\"11:1-11:73\"><strong>An to\u00e0n:<\/strong>\u00a0Trang b\u1ecb c\u00e1c h\u1ec7 th\u1ed1ng an to\u00e0n, \u0111\u1ea3m b\u1ea3o cho ng\u01b0\u1eddi v\u1eadn h\u00e0nh.<\/li>\n<li data-sourcepos=\"12:1-13:0\"><strong>B\u1ec1n b\u1ec9:<\/strong>\u00a0Ch\u1ecbu \u0111\u01b0\u1ee3c t\u1ea3i tr\u1ecdng l\u1edbn v\u00e0 m\u00f4i tr\u01b0\u1eddng l\u00e0m vi\u1ec7c kh\u1eafc nghi\u1ec7t.<br \/>\n<h3 data-sourcepos=\"30:1-30:50\"><span style=\"color: #0000ff;\">\u1ee8ng d\u1ee5ng<\/span><\/h3>\n<\/li>\n<li data-sourcepos=\"32:1-32:61\"><strong>X\u00e2y d\u1ef1ng:<\/strong>\u00a0N\u00e2ng h\u1ea1 v\u1eadt li\u1ec7u x\u00e2y d\u1ef1ng, thi\u1ebft b\u1ecb thi c\u00f4ng.<\/li>\n<li data-sourcepos=\"33:1-33:79\"><strong>C\u00f4ng nghi\u1ec7p:<\/strong>\u00a0N\u00e2ng h\u1ea1 m\u00e1y m\u00f3c, thi\u1ebft b\u1ecb trong c\u00e1c nh\u00e0 m\u00e1y, x\u01b0\u1edfng s\u1ea3n xu\u1ea5t.<\/li>\n<li data-sourcepos=\"34:1-34:49\"><strong>Kho b\u00e3i:<\/strong>\u00a0B\u1ed1c x\u1ebfp h\u00e0ng h\u00f3a l\u00ean k\u1ec7, xu\u1ed1ng k\u1ec7.<\/li>\n<li data-sourcepos=\"35:1-36:0\"><strong>S\u1eeda ch\u1eefa:<\/strong>\u00a0N\u00e2ng h\u1ea1 c\u00e1c thi\u1ebft b\u1ecb, m\u00e1y m\u00f3c \u0111\u1ec3 s\u1eeda ch\u1eefa.<br \/>\n<h3 data-sourcepos=\"30:1-30:50\"><span id=\"Luu_y_khi_su_dung\" class=\"ez-toc-section\"><\/span><span style=\"color: #0000ff;\">L\u01b0u \u00fd khi s\u1eed d\u1ee5ng<\/span><\/h3>\n<p><strong>Ki\u1ec3m tra t\u1ea3i tr\u1ecdng:<\/strong>\u00a0Lu\u00f4n \u0111\u1ea3m b\u1ea3o t\u1ea3i tr\u1ecdng n\u00e2ng kh\u00f4ng v\u01b0\u1ee3t qu\u00e1 gi\u1edbi h\u1ea1n cho ph\u00e9p c\u1ee7a palang.<\/li>\n<li data-sourcepos=\"35:1-36:0\"><strong>Ki\u1ec3m tra \u0111\u1ecbnh k\u1ef3:<\/strong> Ki\u1ec3m tra c\u00e1c b\u1ed9 ph\u1eadn c\u1ee7a palang th\u01b0\u1eddng xuy\u00ean \u0111\u1ec3 \u0111\u1ea3m b\u1ea3o ho\u1ea1t \u0111\u1ed9ng \u1ed5n \u0111\u1ecbnh v\u00e0 an to\u00e0n<\/li>\n<li data-sourcepos=\"35:1-36:0\"><strong>B\u00f4i tr\u01a1n:<\/strong>\u00a0B\u00f4i tr\u01a1n c\u00e1c b\u1ed9 ph\u1eadn chuy\u1ec3n \u0111\u1ed9ng \u0111\u1ec3 \u0111\u1ea3m b\u1ea3o ho\u1ea1t \u0111\u1ed9ng tr\u01a1n tru.<\/li>\n<li data-sourcepos=\"35:1-36:0\"><strong>\u0110\u1ea3m b\u1ea3o an to\u00e0n:<\/strong>\u00a0Tu\u00e2n th\u1ee7 c\u00e1c quy \u0111\u1ecbnh v\u1ec1 an to\u00e0n lao \u0111\u1ed9ng khi s\u1eed d\u1ee5ng palang .\u2014\u2014\u2014\u2014\u2014\u2014\u2014\u2014\u2014\u2014\u2014\u2014-<br \/>\n<h3 data-start=\"1496\" data-end=\"1551\"><span style=\"color: #0000ff;\">M\u1ecdi th\u00f4ng tin chi ti\u1ebft v\u1ec1 s\u1ea3n ph\u1ea9m\u00a0Qu\u00fd kh\u00e1ch vui l\u00f2ng li\u00ean h\u1ec7 v\u1edbi ch\u00fang t\u00f4i theo\u00a0:<\/span><\/h3>\n<p><img decoding=\"async\" class=\"emoji\" role=\"img\" draggable=\"false\" src=\"https:\/\/s.w.org\/images\/core\/emoji\/17.0.2\/svg\/260e.svg\" alt=\"\u260e\ufe0f\" \/>\u0110i\u1ec7n tho\u1ea1i: Mr L\u1ed9c :0942.18.69.69<\/p>\n<p><img decoding=\"async\" class=\"emoji\" role=\"img\" draggable=\"false\" src=\"https:\/\/s.w.org\/images\/core\/emoji\/17.0.2\/svg\/1f4e9.svg\" alt=\"\ud83d\udce9\" \/>Email: Ducloctb86 gmail.com<\/p>\n<p><img decoding=\"async\" class=\"emoji\" role=\"img\" draggable=\"false\" src=\"https:\/\/s.w.org\/images\/core\/emoji\/17.0.2\/svg\/1f3e0.svg\" alt=\"\ud83c\udfe0\" \/>\u0110\u1ecba ch\u1ec9 xem h\u00e0ng : S\u1ed1 11 Ng\u00f5 14 T\u1ea3 Thanh Oai,Thanh Tr\u00ec, H\u00e0 N\u1ed9i<\/p>\n<p data-start=\"1039\" data-end=\"1086\"><strong data-start=\"1051\" data-end=\"1086\">\u00a0<\/strong><\/p>\n<\/li>\n<\/ul>\n","protected":false},"excerpt":{"rendered":"<p><strong>Palang x\u00edch 1 t\u1ea5n VJ 1,5 M<\/strong>\u00a0l\u00e0 m\u1ed9t trong nh\u1eefng thi\u1ebft b\u1ecb n\u00e2ng h\u1ea1 ph\u1ed5 bi\u1ebfn v\u00e0 tin c\u1eady \u0111\u01b0\u1ee3c s\u1eed d\u1ee5ng r\u1ed9ng r\u00e3i trong c\u00e1c ng\u00e0nh c\u00f4ng nghi\u1ec7p, x\u00e2y d\u1ef1ng, v\u00e0 kho b\u00e3i. V\u1edbi t\u1ea3i tr\u1ecdng n\u00e2ng t\u1ed1i \u0111a 1 t\u1ea5n v\u00e0 chi\u1ec1u d\u00e0i x\u00edch 1,5 m\u00e9t, s\u1ea3n ph\u1ea9m n\u00e0y \u0111\u00e1p \u1ee9ng \u0111\u01b0\u1ee3c nhi\u1ec1u nhu c\u1ea7u n\u00e2ng h\u1ea1 h\u00e0ng h\u00f3a kh\u00e1c nhau.<\/p>\n","protected":false},"featured_media":294,"comment_status":"open","ping_status":"closed","template":"","meta":[],"product_brand":[],"product_cat":[17],"product_tag":[],"class_list":{"0":"post-292","1":"product","2":"type-product","3":"status-publish","4":"has-post-thumbnail","6":"product_cat-pa-lang-xich","8":"first","9":"instock","10":"sale","11":"shipping-taxable","12":"purchasable","13":"product-type-simple"},"_links":{"self":[{"href":"https:\/\/dienmayphucloc.vn\/index.php\/wp-json\/wp\/v2\/product\/292","targetHints":{"allow":["GET"]}}],"collection":[{"href":"https:\/\/dienmayphucloc.vn\/index.php\/wp-json\/wp\/v2\/product"}],"about":[{"href":"https:\/\/dienmayphucloc.vn\/index.php\/wp-json\/wp\/v2\/types\/product"}],"replies":[{"embeddable":true,"href":"https:\/\/dienmayphucloc.vn\/index.php\/wp-json\/wp\/v2\/comments?post=292"}],"wp:featuredmedia":[{"embeddable":true,"href":"https:\/\/dienmayphucloc.vn\/index.php\/wp-json\/wp\/v2\/media\/294"}],"wp:attachment":[{"href":"https:\/\/dienmayphucloc.vn\/index.php\/wp-json\/wp\/v2\/media?parent=292"}],"wp:term":[{"taxonomy":"product_brand","embeddable":true,"href":"https:\/\/dienmayphucloc.vn\/index.php\/wp-json\/wp\/v2\/product_brand?post=292"},{"taxonomy":"product_cat","embeddable":true,"href":"https:\/\/dienmayphucloc.vn\/index.php\/wp-json\/wp\/v2\/product_cat?post=292"},{"taxonomy":"product_tag","embeddable":true,"href":"https:\/\/dienmayphucloc.vn\/index.php\/wp-json\/wp\/v2\/product_tag?post=292"}],"curies":[{"name":"wp","href":"https:\/\/api.w.org\/{rel}","templated":true}]}}