{"id":281,"date":"2025-12-23T06:27:47","date_gmt":"2025-12-23T06:27:47","guid":{"rendered":"https:\/\/dienmayphucloc.vn\/?post_type=product&#038;p=281"},"modified":"2025-12-23T06:31:21","modified_gmt":"2025-12-23T06:31:21","slug":"palang-xich-keo-tay-hsc","status":"publish","type":"product","link":"https:\/\/dienmayphucloc.vn\/index.php\/san-pham\/palang-xich-keo-tay-hsc\/","title":{"rendered":"Palang x\u00edch k\u00e9o tay HSC"},"content":{"rendered":"<p><span style=\"color: #0000ff; font-size: 110%;\">D\u01b0\u1edbi \u0111\u00e2y l\u00e0 b\u1ea3ng th\u00f4ng s\u1ed1 k\u1ef9 thu\u1eadt ng\u1eafn g\u1ecdn cho palang x\u00edch k\u00e9o tay HSC :\u00a0<\/span><\/p>\n<p><img loading=\"lazy\" decoding=\"async\" class=\"alignnone wp-image-283\" src=\"https:\/\/dienmayphucloc.vn\/wp-content\/uploads\/2025\/12\/Capture-1-300x132.jpg\" alt=\"\" width=\"418\" height=\"184\" srcset=\"https:\/\/dienmayphucloc.vn\/wp-content\/uploads\/2025\/12\/Capture-1-300x132.jpg 300w, https:\/\/dienmayphucloc.vn\/wp-content\/uploads\/2025\/12\/Capture-1-500x219.jpg 500w, https:\/\/dienmayphucloc.vn\/wp-content\/uploads\/2025\/12\/Capture-1.jpg 647w\" sizes=\"auto, (max-width: 418px) 100vw, 418px\" \/>1<\/p>\n<h3 data-start=\"439\" data-end=\"461\"><img decoding=\"async\" class=\"emoji\" role=\"img\" draggable=\"false\" src=\"https:\/\/s.w.org\/images\/core\/emoji\/17.0.2\/svg\/2699.svg\" alt=\"\u2699\ufe0f\" \/><span style=\"color: #0000ff;\">\u0110\u1eb7c \u0111i\u1ec3m ch\u00ednh:<\/span><\/h3>\n<ul>\n<li><strong>V\u1ecf ngo\u00e0i:<\/strong>\u00a0Th\u00e9p h\u1ee3p kim ch\u1ea5t l\u01b0\u1ee3ng cao.<\/li>\n<li><strong>X\u00edch t\u1ea3i:<\/strong>\u00a0Th\u00e9p h\u1ee3p kim ch\u1ecbu l\u1ef1c cao.<\/li>\n<li><strong>M\u00f3c n\u00e2ng:<\/strong>\u00a0Kh\u00f3a an to\u00e0n, xoay 360 \u0111\u1ed9.<\/li>\n<li><strong>Nguy\u00ean l\u00fd ho\u1ea1t \u0111\u1ed9ng:<\/strong>\u00a0K\u00e9o x\u00edch tay \u0111\u1ec3 truy\u1ec1n l\u1ef1c qua h\u1ec7 th\u1ed1ng b\u00e1nh r\u0103ng.<\/li>\n<\/ul>\n<h3><img decoding=\"async\" class=\"emoji\" role=\"img\" draggable=\"false\" src=\"https:\/\/s.w.org\/images\/core\/emoji\/17.0.2\/svg\/1f31f.svg\" alt=\"\ud83c\udf1f\" \/><span style=\"color: #0000ff;\">\u01afu \u0111i\u1ec3m:<\/span><\/h3>\n<ul>\n<li>Kh\u00f4ng c\u1ea7n ngu\u1ed3n \u0111i\u1ec7n.<\/li>\n<li>An to\u00e0n v\u1edbi kh\u00f3a an to\u00e0n v\u00e0 m\u00f3c n\u00e2ng ch\u1eafc ch\u1eafn.<\/li>\n<li>\u0110a d\u1ea1ng t\u1ea3i tr\u1ecdng v\u00e0 chi\u1ec1u cao n\u00e2ng.<\/li>\n<li>Thi\u1ebft k\u1ebf nh\u1ecf g\u1ecdn, d\u1ec5 di chuy\u1ec3n.<\/li>\n<\/ul>\n<h3 data-start=\"923\" data-end=\"938\"><img decoding=\"async\" class=\"emoji\" role=\"img\" draggable=\"false\" src=\"https:\/\/s.w.org\/images\/core\/emoji\/17.0.2\/svg\/1f4cc.svg\" alt=\"\ud83d\udccc\" \/><span style=\"color: #0000ff;\">L\u01b0u \u00fd khi s\u1eed d\u1ee5ng:<\/span><\/h3>\n<ul>\n<li>Ki\u1ec3m tra thi\u1ebft b\u1ecb tr\u01b0\u1edbc khi d\u00f9ng.<\/li>\n<li>Kh\u00f4ng v\u01b0\u1ee3t qu\u00e1 t\u1ea3i tr\u1ecdng.<\/li>\n<li>B\u1ea3o d\u01b0\u1ee1ng \u0111\u1ecbnh k\u1ef3.<\/li>\n<\/ul>\n<p>&#8212;&#8212;&#8212;&#8212;&#8212;&#8212;&#8212;&#8212;&#8212;&#8212;&#8212;&#8212;-<\/p>\n<h3 data-start=\"1496\" data-end=\"1551\"><span style=\"color: #0000ff;\">M\u1ecdi th\u00f4ng tin chi ti\u1ebft v\u1ec1 s\u1ea3n ph\u1ea9m\u00a0Qu\u00fd kh\u00e1ch vui l\u00f2ng li\u00ean h\u1ec7 v\u1edbi ch\u00fang t\u00f4i theo<\/span> :<\/h3>\n<p><img decoding=\"async\" class=\"emoji\" role=\"img\" draggable=\"false\" src=\"https:\/\/s.w.org\/images\/core\/emoji\/17.0.2\/svg\/260e.svg\" alt=\"\u260e\ufe0f\" \/>\u0110i\u1ec7n tho\u1ea1i: Mr L\u1ed9c :0942.18.69.69<\/p>\n<p><img decoding=\"async\" class=\"emoji\" role=\"img\" draggable=\"false\" src=\"https:\/\/s.w.org\/images\/core\/emoji\/17.0.2\/svg\/1f4e9.svg\" alt=\"\ud83d\udce9\" \/>Email: Ducloctb86 gmail.com<\/p>\n<p><img decoding=\"async\" class=\"emoji\" role=\"img\" draggable=\"false\" src=\"https:\/\/s.w.org\/images\/core\/emoji\/17.0.2\/svg\/1f3e0.svg\" alt=\"\ud83c\udfe0\" \/>\u0110\u1ecba ch\u1ec9 xem h\u00e0ng : S\u1ed1 11 Ng\u00f5 14 T\u1ea3 Thanh Oai,Thanh Tr\u00ec, H\u00e0 N\u1ed9i<\/p>\n<p data-start=\"1039\" data-end=\"1086\"><strong data-start=\"1051\" data-end=\"1086\">\u00a0<\/strong><\/p>\n","protected":false},"excerpt":{"rendered":"<p data-start=\"277\" data-end=\"539\">Palang x\u00edch k\u00e9o tay HSC l\u00e0 thi\u1ebft b\u1ecb n\u00e2ng h\u1ea1 \u0111\u01b0\u1ee3c s\u1eed d\u1ee5ng r\u1ed9ng r\u00e3i trong c\u00e1c nh\u00e0 x\u01b0\u1edfng, c\u00f4ng tr\u00ecnh x\u00e2y d\u1ef1ng, b\u00e3i h\u00e0ng v\u00e0 x\u01b0\u1edfng c\u01a1 kh\u00ed. V\u1edbi thi\u1ebft k\u1ebf nh\u1ecf g\u1ecdn, v\u1eadn h\u00e0nh \u0111\u01a1n gi\u1ea3n v\u00e0 an to\u00e0n,mang \u0111\u1ebfn gi\u1ea3i ph\u00e1p n\u00e2ng h\u1ea1 hi\u1ec7u qu\u1ea3, ti\u1ebft ki\u1ec7m chi ph\u00ed.<\/p>\n<p data-start=\"541\" data-end=\"746\"><strong>\u0110i\u1ec7n m\u00e1y Ph\u00fac L\u1ed9c<\/strong> ch\u00fang t\u00f4i cung c\u1ea5p \u0111\u1ea7y \u0111\u1ee7 c\u00e1c lo\u1ea1i <strong data-start=\"601\" data-end=\"656\">palang x\u00edch k\u00e9o tay HSC 1 t\u1ea5n, 2 t\u1ea5n, 3 t\u1ea5n v\u00e0 5 t\u1ea5n,10 t\u1ea5n<\/strong>\u00a0v\u1edbi ch\u1ea5t l\u01b0\u1ee3ng \u0111\u1ea1t ti\u00eau chu\u1ea9n qu\u1ed1c t\u1ebf, gi\u00e1 th\u00e0nh c\u1ea1nh tranh v\u00e0 ch\u1ebf \u0111\u1ed9 b\u1ea3o h\u00e0nh r\u00f5 r\u00e0ng.<\/p>\n","protected":false},"featured_media":284,"comment_status":"open","ping_status":"closed","template":"","meta":[],"product_brand":[],"product_cat":[17],"product_tag":[],"class_list":{"0":"post-281","1":"product","2":"type-product","3":"status-publish","4":"has-post-thumbnail","6":"product_cat-pa-lang-xich","8":"first","9":"instock","10":"sale","11":"shipping-taxable","12":"purchasable","13":"product-type-simple"},"_links":{"self":[{"href":"https:\/\/dienmayphucloc.vn\/index.php\/wp-json\/wp\/v2\/product\/281","targetHints":{"allow":["GET"]}}],"collection":[{"href":"https:\/\/dienmayphucloc.vn\/index.php\/wp-json\/wp\/v2\/product"}],"about":[{"href":"https:\/\/dienmayphucloc.vn\/index.php\/wp-json\/wp\/v2\/types\/product"}],"replies":[{"embeddable":true,"href":"https:\/\/dienmayphucloc.vn\/index.php\/wp-json\/wp\/v2\/comments?post=281"}],"wp:featuredmedia":[{"embeddable":true,"href":"https:\/\/dienmayphucloc.vn\/index.php\/wp-json\/wp\/v2\/media\/284"}],"wp:attachment":[{"href":"https:\/\/dienmayphucloc.vn\/index.php\/wp-json\/wp\/v2\/media?parent=281"}],"wp:term":[{"taxonomy":"product_brand","embeddable":true,"href":"https:\/\/dienmayphucloc.vn\/index.php\/wp-json\/wp\/v2\/product_brand?post=281"},{"taxonomy":"product_cat","embeddable":true,"href":"https:\/\/dienmayphucloc.vn\/index.php\/wp-json\/wp\/v2\/product_cat?post=281"},{"taxonomy":"product_tag","embeddable":true,"href":"https:\/\/dienmayphucloc.vn\/index.php\/wp-json\/wp\/v2\/product_tag?post=281"}],"curies":[{"name":"wp","href":"https:\/\/api.w.org\/{rel}","templated":true}]}}