{"id":265,"date":"2025-12-22T09:24:05","date_gmt":"2025-12-22T09:24:05","guid":{"rendered":"https:\/\/dienmayphucloc.vn\/?post_type=product&#038;p=265"},"modified":"2025-12-22T13:25:11","modified_gmt":"2025-12-22T13:25:11","slug":"pa-lang-xich-keo-tay-hsz","status":"publish","type":"product","link":"https:\/\/dienmayphucloc.vn\/index.php\/san-pham\/pa-lang-xich-keo-tay-hsz\/","title":{"rendered":"Pa l\u0103ng x\u00edch k\u00e9o tay HSZ"},"content":{"rendered":"<p><strong data-start=\"200\" data-end=\"227\">Palang x\u00edch k\u00e9o tay HSZ<\/strong>\u00a0l\u00e0 thi\u1ebft b\u1ecb n\u00e2ng h\u1ea1 th\u1ee7 c\u00f4ng ph\u1ed5 bi\u1ebfn, s\u1eed d\u1ee5ng d\u1ec5 d\u00e0ng, an to\u00e0n v\u00e0 b\u1ec1n b\u1ec9. S\u1ea3n ph\u1ea9m hi\u1ec7n c\u00f3 c\u00e1c t\u1ea3i tr\u1ecdng:\u00a0<strong data-start=\"335\" data-end=\"365\">1 t\u1ea5n, 2 t\u1ea5n, 3 t\u1ea5n, 5 t\u1ea5n<\/strong>, k\u00e8m theo\u00a0<strong data-start=\"376\" data-end=\"424\">2 phi\u00ean b\u1ea3n chi\u1ec1u cao n\u00e2ng chu\u1ea9n: 2,5m v\u00e0 5m<\/strong>, ph\u00f9 h\u1ee3p cho nhi\u1ec1u nhu c\u1ea7u th\u1ef1c t\u1ebf.<\/p>\n<h3 data-start=\"439\" data-end=\"461\">\u2699\ufe0f<span style=\"color: #0000ff;\"> Th\u00f4ng s\u1ed1 c\u01a1 b\u1ea3n<\/span><\/h3>\n<ul data-start=\"462\" data-end=\"641\">\n<li data-start=\"462\" data-end=\"491\">\n<p data-start=\"464\" data-end=\"491\"><strong data-start=\"464\" data-end=\"483\">T\u1ea3i tr\u1ecdng n\u00e2ng: <\/strong>1 t\u1ea5n,\u00a02 t\u1ea5n,3 t\u1ea5n, 5 t\u1ea5n<\/p>\n<\/li>\n<li data-start=\"492\" data-end=\"525\">\n<p data-start=\"494\" data-end=\"525\"><strong data-start=\"494\" data-end=\"503\">Lo\u1ea1i:<\/strong> Palang x\u00edch k\u00e9o tay<\/p>\n<\/li>\n<li data-start=\"526\" data-end=\"569\">\n<p data-start=\"528\" data-end=\"569\"><strong data-start=\"528\" data-end=\"541\">X\u00edch t\u1ea3i:<\/strong> Th\u00e9p h\u1ee3p kim ch\u1ecbu l\u1ef1c cao<\/p>\n<\/li>\n<li data-start=\"570\" data-end=\"613\">\n<p data-start=\"572\" data-end=\"613\"><strong data-start=\"572\" data-end=\"585\">M\u00f3c treo:<\/strong> Th\u00e9p \u0111\u00fac, c\u00f3 ch\u1ed1t an to\u00e0n<\/p>\n<\/li>\n<li data-start=\"614\" data-end=\"641\">\n<p data-start=\"616\" data-end=\"641\"><strong data-start=\"616\" data-end=\"628\">Xu\u1ea5t x\u1ee9:<\/strong> Trung Qu\u1ed1c<\/p>\n<\/li>\n<\/ul>\n<h3>\ud83c\udf1f<span style=\"color: #0000ff;\"> \u01afu \u0111i\u1ec3m n\u1ed5i b\u1eadt<\/span><\/h3>\n<ul data-start=\"666\" data-end=\"921\">\n<li data-start=\"666\" data-end=\"721\">\n<p data-start=\"668\" data-end=\"721\">\u2705 <strong data-start=\"670\" data-end=\"700\">N\u00e2ng h\u1ea1 kh\u1ecfe \u2013 k\u00e9o nh\u1eb9 tay<\/strong>, ti\u1ebft ki\u1ec7m s\u1ee9c l\u1ef1c<\/p>\n<\/li>\n<li data-start=\"722\" data-end=\"777\">\n<p data-start=\"724\" data-end=\"777\">\u2705 <strong data-start=\"726\" data-end=\"749\">X\u00edch d\u00e0y, ch\u1eafc ch\u1eafn<\/strong>, ch\u1ecbu t\u1ea3i t\u1ed1t, \u00edt hao m\u00f2n<\/p>\n<\/li>\n<li data-start=\"778\" data-end=\"822\">\n<p data-start=\"780\" data-end=\"822\">\u2705 <strong data-start=\"782\" data-end=\"802\">M\u00f3c treo an to\u00e0n<\/strong>, h\u1ea1n ch\u1ebf tu\u1ed9t t\u1ea3i<\/p>\n<\/li>\n<li data-start=\"823\" data-end=\"875\">\n<p data-start=\"825\" data-end=\"875\">\u2705 <strong data-start=\"827\" data-end=\"846\">Kh\u00f4ng d\u00f9ng \u0111i\u1ec7n<\/strong>, ho\u1ea1t \u0111\u1ed9ng \u1ed5n \u0111\u1ecbnh m\u1ecdi n\u01a1i<\/p>\n<\/li>\n<li data-start=\"876\" data-end=\"921\">\n<p data-start=\"878\" data-end=\"921\">\u2705 <strong data-start=\"880\" data-end=\"894\">\u0110\u1ed9 b\u1ec1n cao<\/strong>, \u00edt h\u1ecfng v\u1eb7t, d\u1ec5 b\u1ea3o tr\u00ec<\/p>\n<\/li>\n<\/ul>\n<h3 data-start=\"923\" data-end=\"938\">\ud83d\udccc<span style=\"color: #0000ff;\"> \u1ee8ng d\u1ee5ng<\/span><\/h3>\n<ul data-start=\"939\" data-end=\"1086\">\n<li data-start=\"939\" data-end=\"986\">\n<p data-start=\"941\" data-end=\"986\">N\u00e2ng h\u1ea1 h\u00e0ng h\u00f3a trong <strong data-start=\"964\" data-end=\"986\">kho x\u01b0\u1edfng, nh\u00e0 m\u00e1y<\/strong><\/p>\n<\/li>\n<li data-start=\"987\" data-end=\"1036\">\n<p data-start=\"989\" data-end=\"1036\">L\u1eafp \u0111\u1eb7t, s\u1eeda ch\u1eefa <strong data-start=\"1007\" data-end=\"1036\">m\u00e1y m\u00f3c \u2013 thi\u1ebft b\u1ecb c\u01a1 kh\u00ed<\/strong><\/p>\n<\/li>\n<li data-start=\"1037\" data-end=\"1086\">\n<p data-start=\"1039\" data-end=\"1086\">S\u1eed d\u1ee5ng t\u1ea1i <strong data-start=\"1051\" data-end=\"1086\">c\u00f4ng tr\u00ecnh, garage, h\u1ed9 gia \u0111\u00ecnh<br \/>\n<\/strong><\/p>\n<h4 data-start=\"1496\" data-end=\"1551\"><span style=\"color: #0000ff;\">M\u1ecdi th\u00f4ng tin chi ti\u1ebft v\u1ec1 s\u1ea3n ph\u1ea9m\u00a0Qu\u00fd kh\u00e1ch vui l\u00f2ng li\u00ean h\u1ec7 v\u1edbi ch\u00fang t\u00f4i theo :<\/span><\/h4>\n<p><img decoding=\"async\" class=\"emoji\" role=\"img\" draggable=\"false\" src=\"https:\/\/s.w.org\/images\/core\/emoji\/17.0.2\/svg\/260e.svg\" alt=\"\u260e\ufe0f\" \/>\u0110i\u1ec7n tho\u1ea1i: Mr L\u1ed9c :0942.18.69.69<\/p>\n<p><img decoding=\"async\" class=\"emoji\" role=\"img\" draggable=\"false\" src=\"https:\/\/s.w.org\/images\/core\/emoji\/17.0.2\/svg\/1f4e9.svg\" alt=\"\ud83d\udce9\" \/>Email: Ducloctb86 gmail.com<\/p>\n<p><img decoding=\"async\" class=\"emoji\" role=\"img\" draggable=\"false\" src=\"https:\/\/s.w.org\/images\/core\/emoji\/17.0.2\/svg\/1f3e0.svg\" alt=\"\ud83c\udfe0\" \/>\u0110\u1ecba ch\u1ec9 xem h\u00e0ng : S\u1ed1 11 Ng\u00f5 14 T\u1ea3 Thanh Oai,Thanh Tr\u00ec, H\u00e0 N\u1ed9i<\/p>\n<p data-start=\"1039\" data-end=\"1086\"><strong data-start=\"1051\" data-end=\"1086\">\u00a0<\/strong><\/p>\n<\/li>\n<\/ul>\n","protected":false},"excerpt":{"rendered":"<p><strong>Pa l\u0103ng x\u00edch k\u00e9o tay HSZ <\/strong>\u00a0l\u00e0 h\u1ec7 thi\u1ebft b\u1ecb n\u00e2ng h\u1ea1 v\u1eadt n\u1eb7ng theo ph\u01b0\u01a1ng ph\u00e1p th\u1ee7 c\u00f4ng. Lo\u1ea1i pa l\u0103ng n\u00e0y \u0111\u01b0\u1ee3c d\u00f9ng r\u1ed9ng r\u00e3i do t\u00ednh c\u01a1 \u0111\u1ed9ng cao, g\u1ecdn nh\u1eb9, ph\u00f9 h\u1ee3p cho m\u1ecdi \u0111i\u1ec1u ki\u1ec7n l\u00e0m vi\u1ec7c v\u00e0 \u0111\u1eb7c bi\u1ec7t th\u00edch h\u1ee3p cho nh\u1eefng n\u01a1i kh\u00f4ng c\u00f3 ngu\u1ed3n \u0111i\u1ec7n. D\u1ec5 s\u1eed d\u1ee5ng, l\u1ef1c k\u00e9o nh\u1eb9, d\u1ec5 v\u1eadn chuy\u1ec3n.<\/p>\n<p>V\u1ecf l\u00e0m b\u1eb1ng h\u1ee3p kim ch\u1ed1ng va \u0111\u1eadp t\u1ed1t<\/p>\n","protected":false},"featured_media":267,"comment_status":"open","ping_status":"closed","template":"","meta":[],"product_brand":[],"product_cat":[17],"product_tag":[],"class_list":{"0":"post-265","1":"product","2":"type-product","3":"status-publish","4":"has-post-thumbnail","6":"product_cat-pa-lang-xich","8":"first","9":"instock","10":"sale","11":"shipping-taxable","12":"purchasable","13":"product-type-simple"},"_links":{"self":[{"href":"https:\/\/dienmayphucloc.vn\/index.php\/wp-json\/wp\/v2\/product\/265","targetHints":{"allow":["GET"]}}],"collection":[{"href":"https:\/\/dienmayphucloc.vn\/index.php\/wp-json\/wp\/v2\/product"}],"about":[{"href":"https:\/\/dienmayphucloc.vn\/index.php\/wp-json\/wp\/v2\/types\/product"}],"replies":[{"embeddable":true,"href":"https:\/\/dienmayphucloc.vn\/index.php\/wp-json\/wp\/v2\/comments?post=265"}],"wp:featuredmedia":[{"embeddable":true,"href":"https:\/\/dienmayphucloc.vn\/index.php\/wp-json\/wp\/v2\/media\/267"}],"wp:attachment":[{"href":"https:\/\/dienmayphucloc.vn\/index.php\/wp-json\/wp\/v2\/media?parent=265"}],"wp:term":[{"taxonomy":"product_brand","embeddable":true,"href":"https:\/\/dienmayphucloc.vn\/index.php\/wp-json\/wp\/v2\/product_brand?post=265"},{"taxonomy":"product_cat","embeddable":true,"href":"https:\/\/dienmayphucloc.vn\/index.php\/wp-json\/wp\/v2\/product_cat?post=265"},{"taxonomy":"product_tag","embeddable":true,"href":"https:\/\/dienmayphucloc.vn\/index.php\/wp-json\/wp\/v2\/product_tag?post=265"}],"curies":[{"name":"wp","href":"https:\/\/api.w.org\/{rel}","templated":true}]}}