{"id":256,"date":"2025-12-22T09:09:53","date_gmt":"2025-12-22T09:09:53","guid":{"rendered":"https:\/\/dienmayphucloc.vn\/?post_type=product&#038;p=256"},"modified":"2025-12-22T09:09:53","modified_gmt":"2025-12-22T09:09:53","slug":"toi-dien-nhanh-mini-les-s300s500","status":"publish","type":"product","link":"https:\/\/dienmayphucloc.vn\/index.php\/san-pham\/toi-dien-nhanh-mini-les-s300s500\/","title":{"rendered":"T\u1eddi \u0111i\u1ec7n nhanh mini LES-S300,S500"},"content":{"rendered":"<h4 data-start=\"419\" data-end=\"443\"><span style=\"color: #282828; font-size: 100%;\">S\u1ea3n ph\u1ea9m n\u00e0y c\u00f2n \u0111\u01b0\u1ee3c nhi\u1ec1u ng\u01b0\u1eddi g\u1ecdi b\u1eb1ng c\u00e1i t\u00ean\u00a0<strong data-start=\"695\" data-end=\"714\">m\u00e1y t\u1eddi gi\u1ecdt l\u1ec7<\/strong>\u00a0hay\u00a0<strong data-start=\"719\" data-end=\"740\">m\u00e1y t\u1eddi gi\u1ecdt n\u01b0\u1edbc<\/strong>\u00a0nh\u1edd thi\u1ebft k\u1ebf \u0111\u1eb7c tr\u01b0ng nh\u1ecf g\u1ecdn, treo ti\u1ec7n l\u1ee3i m\u00e0 l\u1ea1i mang \u0111\u1ebfn hi\u1ec7u su\u1ea5t c\u1ef1c k\u1ef3 \u1ea5n t\u01b0\u1ee3ng.<\/span><\/h4>\n<p><img loading=\"lazy\" decoding=\"async\" class=\"alignnone  wp-image-263\" src=\"https:\/\/dienmayphucloc.vn\/wp-content\/uploads\/2025\/12\/z7211351882114_6e9699259ee5666194bf06407f1c5a67-300x300.jpg\" alt=\"\" width=\"399\" height=\"399\" srcset=\"https:\/\/dienmayphucloc.vn\/wp-content\/uploads\/2025\/12\/z7211351882114_6e9699259ee5666194bf06407f1c5a67-300x300.jpg 300w, https:\/\/dienmayphucloc.vn\/wp-content\/uploads\/2025\/12\/z7211351882114_6e9699259ee5666194bf06407f1c5a67-150x150.jpg 150w, https:\/\/dienmayphucloc.vn\/wp-content\/uploads\/2025\/12\/z7211351882114_6e9699259ee5666194bf06407f1c5a67-500x500.jpg 500w, https:\/\/dienmayphucloc.vn\/wp-content\/uploads\/2025\/12\/z7211351882114_6e9699259ee5666194bf06407f1c5a67-100x100.jpg 100w, https:\/\/dienmayphucloc.vn\/wp-content\/uploads\/2025\/12\/z7211351882114_6e9699259ee5666194bf06407f1c5a67.jpg 630w\" sizes=\"auto, (max-width: 399px) 100vw, 399px\" \/><\/p>\n<h2 data-start=\"419\" data-end=\"443\"><span style=\"color: #0000ff;\">\ud83d\udd27 Th\u00f4ng s\u1ed1 k\u1ef9 thu\u1eadt<\/span><\/h2>\n<ul data-start=\"444\" data-end=\"659\">\n<li data-start=\"444\" data-end=\"467\">\n<p data-start=\"446\" data-end=\"467\"><strong data-start=\"446\" data-end=\"456\">Model:<\/strong> LES- S300,S500<\/p>\n<\/li>\n<li data-start=\"468\" data-end=\"497\">\n<p data-start=\"470\" data-end=\"497\"><strong data-start=\"470\" data-end=\"489\">T\u1ea3i tr\u1ecdng n\u00e2ng: <\/strong>\u00a0300kg &#8211; 500kg<\/p>\n<\/li>\n<li data-start=\"498\" data-end=\"535\">\n<p data-start=\"500\" data-end=\"535\"><strong data-start=\"500\" data-end=\"512\">\u0110i\u1ec7n \u00e1p:<\/strong> 1 pha 220V \u2013 50\/60Hz<\/p>\n<\/li>\n<li data-start=\"536\" data-end=\"560\">\n<p data-start=\"538\" data-end=\"560\"><strong data-start=\"538\" data-end=\"552\">C\u00f4ng su\u1ea5t:<\/strong> 1800W<\/p>\n<\/li>\n<li data-start=\"561\" data-end=\"587\">\n<p data-start=\"563\" data-end=\"587\"><strong data-start=\"563\" data-end=\"581\">Chi\u1ec1u d\u00e0i c\u00e1p:<\/strong> 30m<\/p>\n<\/li>\n<li data-start=\"588\" data-end=\"618\">\n<p data-start=\"590\" data-end=\"618\"><strong data-start=\"590\" data-end=\"606\">T\u1ed1c \u0111\u1ed9 n\u00e2ng:<\/strong> ~13m\/ph\u00fat<\/p>\n<\/li>\n<li data-start=\"619\" data-end=\"659\">\n<p data-start=\"621\" data-end=\"659\"><strong data-start=\"621\" data-end=\"635\">Ki\u1ec3u treo:<\/strong> Treo m\u00f3c \u2013 d\u1ec5 l\u1eafp \u0111\u1eb7t<\/p>\n<\/li>\n<\/ul>\n<h2 data-start=\"661\" data-end=\"683\">\ud83c\udf1f<span style=\"color: #0000ff;\"> \u01afu \u0111i\u1ec3m n\u1ed5i b\u1eadt<\/span><\/h2>\n<ul data-start=\"684\" data-end=\"910\">\n<li data-start=\"684\" data-end=\"727\">\n<p data-start=\"686\" data-end=\"727\">\u2705 <strong data-start=\"688\" data-end=\"707\">\u0110\u1ed9ng c\u01a1 m\u1ea1nh m\u1ebd<\/strong>, v\u1eadn h\u00e0nh \u1ed5n \u0111\u1ecbnh<\/p>\n<\/li>\n<li data-start=\"728\" data-end=\"782\">\n<p data-start=\"730\" data-end=\"782\">\u2705 <strong data-start=\"732\" data-end=\"757\">V\u1ecf kim lo\u1ea1i ch\u1eafc ch\u1eafn<\/strong>, s\u01a1n t\u0129nh \u0111i\u1ec7n b\u1ec1n \u0111\u1eb9p<\/p>\n<\/li>\n<li data-start=\"783\" data-end=\"830\">\n<p data-start=\"785\" data-end=\"830\">\u2705 <strong data-start=\"787\" data-end=\"810\">N\u00e2ng h\u1ea1 \u00eam, an to\u00e0n<\/strong>, h\u1ea1n ch\u1ebf rung l\u1eafc<\/p>\n<\/li>\n<li data-start=\"831\" data-end=\"878\">\n<p data-start=\"833\" data-end=\"878\">\u2705 <strong data-start=\"835\" data-end=\"853\">Ti\u1ebft ki\u1ec7m \u0111i\u1ec7n<\/strong>, ph\u00f9 h\u1ee3p \u0111i\u1ec7n d\u00e2n d\u1ee5ng<\/p>\n<\/li>\n<li data-start=\"879\" data-end=\"910\">\n<p data-start=\"881\" data-end=\"910\">\u2705 <strong data-start=\"883\" data-end=\"910\">D\u1ec5 s\u1eed d\u1ee5ng \u2013 d\u1ec5 b\u1ea3o tr\u00ec<\/strong><\/p>\n<\/li>\n<\/ul>\n<h2 data-start=\"912\" data-end=\"935\"><span style=\"color: #0000ff;\">\ud83d\udccc \u1ee8ng d\u1ee5ng th\u1ef1c t\u1ebf<\/span><\/h2>\n<ul data-start=\"936\" data-end=\"1067\">\n<li data-start=\"936\" data-end=\"984\">\n<p data-start=\"938\" data-end=\"984\">N\u00e2ng h\u1ea1 h\u00e0ng h\u00f3a trong <strong data-start=\"961\" data-end=\"984\">kho x\u01b0\u1edfng, c\u1eeda h\u00e0ng<\/strong><\/p>\n<\/li>\n<li data-start=\"985\" data-end=\"1025\">\n<p data-start=\"987\" data-end=\"1025\">S\u1eed d\u1ee5ng cho <strong data-start=\"999\" data-end=\"1025\">x\u01b0\u1edfng c\u01a1 kh\u00ed, s\u1eeda ch\u1eefa<\/strong><\/p>\n<\/li>\n<li data-start=\"1026\" data-end=\"1067\">\n<p data-start=\"1028\" data-end=\"1067\">Ph\u00f9 h\u1ee3p <strong data-start=\"1036\" data-end=\"1067\">h\u1ed9 gia \u0111\u00ecnh, c\u00f4ng tr\u00ecnh nh\u1ecf<\/strong><\/p>\n<p data-start=\"1496\" data-end=\"1551\">\u2014\u2014\u2014\u2014\u2014\u2014\u2014\u2014\u2014<\/p>\n<p data-start=\"1496\" data-end=\"1551\">M\u1ecdi th\u00f4ng tin chi ti\u1ebft v\u1ec1 s\u1ea3n ph\u1ea9m\u00a0Qu\u00fd kh\u00e1ch vui l\u00f2ng li\u00ean h\u1ec7 v\u1edbi ch\u00fang t\u00f4i theo :<\/p>\n<p><img decoding=\"async\" class=\"emoji\" role=\"img\" draggable=\"false\" src=\"https:\/\/s.w.org\/images\/core\/emoji\/17.0.2\/svg\/260e.svg\" alt=\"\u260e\ufe0f\" \/>\u0110i\u1ec7n tho\u1ea1i: Mr L\u1ed9c :0942.18.69.69<\/p>\n<p><img decoding=\"async\" class=\"emoji\" role=\"img\" draggable=\"false\" src=\"https:\/\/s.w.org\/images\/core\/emoji\/17.0.2\/svg\/1f4e9.svg\" alt=\"\ud83d\udce9\" \/>Email: Ducloctb86 gmail.com<\/p>\n<p><img decoding=\"async\" class=\"emoji\" role=\"img\" draggable=\"false\" src=\"https:\/\/s.w.org\/images\/core\/emoji\/17.0.2\/svg\/1f3e0.svg\" alt=\"\ud83c\udfe0\" \/>\u0110\u1ecba ch\u1ec9 xem h\u00e0ng : S\u1ed1 11 Ng\u00f5 14 T\u1ea3 Thanh Oai,Thanh Tr\u00ec, H\u00e0 N\u1ed9i.<\/li>\n<\/ul>\n","protected":false},"excerpt":{"rendered":"<p>B\u1ea1n \u0111ang t\u00ecm m\u1ed9t chi\u1ebfc\u00a0<strong data-start=\"474\" data-end=\"495\">m\u00e1y t\u1eddi \u0111i\u1ec7n treo<\/strong>\u00a0nh\u1ecf g\u1ecdn, t\u1ed1c \u0111\u1ed9 nhanh, t\u1ea3i kh\u1ecfe v\u00e0 d\u1ec5 d\u00f9ng? H\u00e3y \u0111\u1ec3\u00a0<strong data-start=\"547\" data-end=\"587\">m\u00e1y t\u1eddi \u0111i\u1ec7n treo t\u1ed1c nhanh <\/strong>\u00a0gi\u00fap b\u1ea1n gi\u1ea3i quy\u1ebft m\u1ecdi c\u00f4ng vi\u1ec7c n\u00e2ng h\u1ea1 n\u1eb7ng nh\u1ecdc.<\/p>\n","protected":false},"featured_media":262,"comment_status":"open","ping_status":"closed","template":"","meta":[],"product_brand":[],"product_cat":[15],"product_tag":[],"class_list":{"0":"post-256","1":"product","2":"type-product","3":"status-publish","4":"has-post-thumbnail","6":"product_cat-may-toi","8":"first","9":"instock","10":"sale","11":"shipping-taxable","12":"purchasable","13":"product-type-simple"},"_links":{"self":[{"href":"https:\/\/dienmayphucloc.vn\/index.php\/wp-json\/wp\/v2\/product\/256","targetHints":{"allow":["GET"]}}],"collection":[{"href":"https:\/\/dienmayphucloc.vn\/index.php\/wp-json\/wp\/v2\/product"}],"about":[{"href":"https:\/\/dienmayphucloc.vn\/index.php\/wp-json\/wp\/v2\/types\/product"}],"replies":[{"embeddable":true,"href":"https:\/\/dienmayphucloc.vn\/index.php\/wp-json\/wp\/v2\/comments?post=256"}],"wp:featuredmedia":[{"embeddable":true,"href":"https:\/\/dienmayphucloc.vn\/index.php\/wp-json\/wp\/v2\/media\/262"}],"wp:attachment":[{"href":"https:\/\/dienmayphucloc.vn\/index.php\/wp-json\/wp\/v2\/media?parent=256"}],"wp:term":[{"taxonomy":"product_brand","embeddable":true,"href":"https:\/\/dienmayphucloc.vn\/index.php\/wp-json\/wp\/v2\/product_brand?post=256"},{"taxonomy":"product_cat","embeddable":true,"href":"https:\/\/dienmayphucloc.vn\/index.php\/wp-json\/wp\/v2\/product_cat?post=256"},{"taxonomy":"product_tag","embeddable":true,"href":"https:\/\/dienmayphucloc.vn\/index.php\/wp-json\/wp\/v2\/product_tag?post=256"}],"curies":[{"name":"wp","href":"https:\/\/api.w.org\/{rel}","templated":true}]}}