{"id":245,"date":"2025-12-22T07:43:18","date_gmt":"2025-12-22T07:43:18","guid":{"rendered":"https:\/\/dienmayphucloc.vn\/?post_type=product&#038;p=245"},"modified":"2025-12-22T08:15:14","modified_gmt":"2025-12-22T08:15:14","slug":"pa-lang-xich-dien-dhs","status":"publish","type":"product","link":"https:\/\/dienmayphucloc.vn\/index.php\/san-pham\/pa-lang-xich-dien-dhs\/","title":{"rendered":"Pa l\u0103ng x\u00edch \u0111i\u1ec7n DHS"},"content":{"rendered":"<p><strong data-start=\"263\" data-end=\"288\">Pa l\u0103ng x\u00edch \u0111i\u1ec7n DHS<\/strong>\u00a0l\u00e0 thi\u1ebft b\u1ecb n\u00e2ng h\u1ea1 ph\u1ed5 bi\u1ebfn trong c\u00f4ng nghi\u1ec7p, \u0111\u01b0\u1ee3c thi\u1ebft k\u1ebf nh\u1ecf g\u1ecdn, d\u1ec5 v\u1eadn h\u00e0nh v\u00e0 c\u00f3 kh\u1ea3 n\u0103ng n\u00e2ng t\u1ea3i tr\u1ecdng t\u1eeb\u00a0<strong data-start=\"405\" data-end=\"422\">1 t\u1ea5n \u2013 5 t\u1ea5n<\/strong>\u00a0v\u1edbi chi\u1ec1u cao n\u00e2ng\u00a0<strong data-start=\"442\" data-end=\"448\">6m<\/strong>.\u00a0<img loading=\"lazy\" decoding=\"async\" class=\"alignnone wp-image-248\" src=\"https:\/\/dienmayphucloc.vn\/wp-content\/uploads\/2025\/12\/jpeg-3-300x205.jpg\" alt=\"\" width=\"445\" height=\"304\" srcset=\"https:\/\/dienmayphucloc.vn\/wp-content\/uploads\/2025\/12\/jpeg-3-300x205.jpg 300w, https:\/\/dienmayphucloc.vn\/wp-content\/uploads\/2025\/12\/jpeg-3-500x341.jpg 500w, https:\/\/dienmayphucloc.vn\/wp-content\/uploads\/2025\/12\/jpeg-3.jpg 630w\" sizes=\"auto, (max-width: 445px) 100vw, 445px\" \/><\/p>\n<h2 data-start=\"632\" data-end=\"679\"><span style=\"color: #0000ff;\">\u00a0 \u00a0 \u00a0Th\u00f4ng s\u1ed1 k\u1ef9 thu\u1eadt pa l\u0103ng x\u00edch \u0111i\u1ec7n DHS<\/span><\/h2>\n<ul data-start=\"680\" data-end=\"989\">\n<li data-start=\"680\" data-end=\"730\">\n<p data-start=\"682\" data-end=\"730\"><strong data-start=\"682\" data-end=\"701\">T\u1ea3i tr\u1ecdng n\u00e2ng:<\/strong>\u00a01 t\u1ea5n, 2 t\u1ea5n, 3 t\u1ea5n, 5 t\u1ea5n<\/p>\n<\/li>\n<li data-start=\"731\" data-end=\"797\">\n<p data-start=\"733\" data-end=\"797\"><strong data-start=\"733\" data-end=\"758\">Chi\u1ec1u cao n\u00e2ng chu\u1ea9n:<\/strong>\u00a06 m\u00e9t (c\u00f3 th\u1ec3 \u0111\u1eb7t h\u00e0ng theo y\u00eau c\u1ea7u)<\/p>\n<\/li>\n<li data-start=\"798\" data-end=\"830\">\n<p data-start=\"800\" data-end=\"830\"><strong data-start=\"800\" data-end=\"815\">Ngu\u1ed3n \u0111i\u1ec7n:<\/strong>\u00a0380V \u2013 3 pha<\/p>\n<\/li>\n<li data-start=\"831\" data-end=\"868\">\n<p data-start=\"833\" data-end=\"868\"><strong data-start=\"833\" data-end=\"849\">T\u1ed1c \u0111\u1ed9 n\u00e2ng:<\/strong>\u00a0\u1ed5n \u0111\u1ecbnh, an to\u00e0n<\/p>\n<\/li>\n<li data-start=\"869\" data-end=\"938\">\n<p data-start=\"871\" data-end=\"938\"><strong data-start=\"871\" data-end=\"889\">H\u1ec7 th\u1ed1ng x\u00edch:<\/strong>\u00a0x\u00edch t\u1ea3i h\u1ee3p kim th\u00e9p c\u01b0\u1eddng l\u1ef1c, ch\u1ed1ng m\u00e0i m\u00f2n<\/p>\n<\/li>\n<li data-start=\"939\" data-end=\"989\">\n<p data-start=\"941\" data-end=\"989\"><strong data-start=\"941\" data-end=\"956\">\u0110i\u1ec1u khi\u1ec3n:<\/strong>\u00a0n\u00fat b\u1ea5m treo ti\u1ec7n l\u1ee3i, an to\u00e0n<\/p>\n<h2 data-start=\"996\" data-end=\"1035\"><span style=\"color: #0000ff;\">\u01afu \u0111i\u1ec3m n\u1ed5i b\u1eadt c\u1ee7a pa l\u0103ng DHS<\/span><\/h2>\n<p data-start=\"1036\" data-end=\"1264\">\u2714 Thi\u1ebft k\u1ebf nh\u1ecf g\u1ecdn, d\u1ec5 l\u1eafp \u0111\u1eb7t v\u00e0 s\u1eed d\u1ee5ng.<br data-start=\"1078\" data-end=\"1081\" \/>\u2714 \u0110\u1ed9ng c\u01a1 m\u1ea1nh m\u1ebd, ho\u1ea1t \u0111\u1ed9ng b\u1ec1n b\u1ec9.<br data-start=\"1117\" data-end=\"1120\" \/>\u2714 Trang b\u1ecb h\u1ec7 th\u1ed1ng phanh \u0111i\u1ec7n t\u1eeb an to\u00e0n.<br data-start=\"1162\" data-end=\"1165\" \/>\u2714 Kh\u1ea3 n\u0103ng n\u00e2ng t\u1ea3i tr\u1ecdng l\u1edbn, hi\u1ec7u su\u1ea5t cao.<br data-start=\"1210\" data-end=\"1213\" \/>\u2714 Gi\u00e1 th\u00e0nh h\u1ee3p l\u00fd, ph\u00f9 h\u1ee3p cho nhi\u1ec1u ng\u00e0nh ngh\u1ec1<\/p>\n<h2 data-start=\"1271\" data-end=\"1313\"><span style=\"color: #0000ff;\">\u1ee8ng d\u1ee5ng c\u1ee7a pa l\u0103ng x\u00edch \u0111i\u1ec7n DHS<\/span><\/h2>\n<p data-start=\"1314\" data-end=\"1366\">Pa l\u0103ng x\u00edch \u0111i\u1ec7n DHS \u0111\u01b0\u1ee3c s\u1eed d\u1ee5ng r\u1ed9ng r\u00e3i trong:<\/p>\n<ul data-start=\"1367\" data-end=\"1551\">\n<li data-start=\"1367\" data-end=\"1406\">\n<p data-start=\"1369\" data-end=\"1406\">Nh\u00e0 x\u01b0\u1edfng s\u1ea3n xu\u1ea5t c\u01a1 kh\u00ed, ch\u1ebf t\u1ea1o.<\/p>\n<\/li>\n<li data-start=\"1407\" data-end=\"1449\">\n<p data-start=\"1409\" data-end=\"1449\">C\u00f4ng tr\u00ecnh x\u00e2y d\u1ef1ng, b\u1ed1c x\u1ebfp h\u00e0ng h\u00f3a.<\/p>\n<\/li>\n<li data-start=\"1450\" data-end=\"1493\">\n<p data-start=\"1452\" data-end=\"1493\">Kho b\u00e3i, b\u1ebfn c\u1ea3ng, nh\u00e0 m\u00e1y c\u00f4ng nghi\u1ec7p.<\/p>\n<\/li>\n<li data-start=\"1494\" data-end=\"1551\">\n<p data-start=\"1496\" data-end=\"1551\">C\u00e1c c\u00f4ng vi\u1ec7c n\u00e2ng h\u1ea1 th\u01b0\u1eddng xuy\u00ean v\u1edbi t\u1ea3i tr\u1ecdng l\u1edbn.<\/p>\n<p data-start=\"1496\" data-end=\"1551\">&#8212;&#8212;&#8212;&#8212;&#8212;&#8212;&#8212;&#8212;&#8212;<\/p>\n<p data-start=\"1496\" data-end=\"1551\"><span style=\"color: #0000ff; font-size: 115%;\">M\u1ecdi th\u00f4ng tin chi ti\u1ebft v\u1ec1 s\u1ea3n ph\u1ea9m\u00a0Qu\u00fd kh\u00e1ch vui l\u00f2ng li\u00ean h\u1ec7 v\u1edbi ch\u00fang t\u00f4i theo :<\/span><\/p>\n<p>\u260e\ufe0f\u0110i\u1ec7n tho\u1ea1i: Mr L\u1ed9c :0942.18.69.69<\/p>\n<p>\ud83d\udce9Email: Ducloctb86 gmail.com<\/p>\n<p>\ud83c\udfe0\u0110\u1ecba ch\u1ec9 xem h\u00e0ng : S\u1ed1 11 Ng\u00f5 14 T\u1ea3 Thanh Oai,Thanh Tr\u00ec, H\u00e0 N\u1ed9i.<\/li>\n<\/ul>\n<\/li>\n<\/ul>\n","protected":false},"excerpt":{"rendered":"<p>Palang x\u00edch \u0111i\u1ec7n DHS 220v l\u00e0 m\u1ed9t lo\u1ea1i thi\u1ebft b\u1ecb n\u00e2ng h\u00e0ng s\u1eed d\u1ee5ng \u0111i\u1ec7n \u0111\u1ec3 ho\u1ea1t \u0111\u1ed9ng, c\u00f3 th\u1ec3 ho\u1ea1t \u0111\u1ed9ng \u1edf \u0111i\u1ec7n \u00e1p 220v. Th\u01b0\u1eddng \u0111\u01b0\u1ee3c s\u1eed d\u1ee5ng trong c\u00e1c kho h\u00e0ng, nh\u00e0 m\u00e1y s\u1ea3n xu\u1ea5t, c\u1ea3ng bi\u1ec3n v\u00e0 c\u00e1c m\u00f4i tr\u01b0\u1eddng c\u00f4ng nghi\u1ec7p kh\u00e1c \u0111\u1ec3 n\u00e2ng v\u00e0 di chuy\u1ec3n c\u00e1c h\u00e0ng h\u00f3a n\u1eb7ng. Thi\u1ebft b\u1ecb n\u00e0y c\u00f3 kh\u1ea3 n\u0103ng n\u00e2ng h\u00e0ng nhanh ch\u00f3ng v\u00e0 hi\u1ec7u qu\u1ea3, gi\u00fap t\u0103ng c\u01b0\u1eddng n\u0103ng su\u1ea5t l\u00e0m vi\u1ec7c v\u00e0 gi\u1ea3m th\u1eddi gian c\u1ea7n thi\u1ebft cho qu\u00e1 tr\u00ecnh n\u00e2ng h\u00e0ng.<\/p>\n","protected":false},"featured_media":249,"comment_status":"open","ping_status":"closed","template":"","meta":[],"product_brand":[],"product_cat":[17],"product_tag":[],"class_list":{"0":"post-245","1":"product","2":"type-product","3":"status-publish","4":"has-post-thumbnail","6":"product_cat-pa-lang-xich","8":"first","9":"instock","10":"sale","11":"shipping-taxable","12":"purchasable","13":"product-type-simple"},"_links":{"self":[{"href":"https:\/\/dienmayphucloc.vn\/index.php\/wp-json\/wp\/v2\/product\/245","targetHints":{"allow":["GET"]}}],"collection":[{"href":"https:\/\/dienmayphucloc.vn\/index.php\/wp-json\/wp\/v2\/product"}],"about":[{"href":"https:\/\/dienmayphucloc.vn\/index.php\/wp-json\/wp\/v2\/types\/product"}],"replies":[{"embeddable":true,"href":"https:\/\/dienmayphucloc.vn\/index.php\/wp-json\/wp\/v2\/comments?post=245"}],"wp:featuredmedia":[{"embeddable":true,"href":"https:\/\/dienmayphucloc.vn\/index.php\/wp-json\/wp\/v2\/media\/249"}],"wp:attachment":[{"href":"https:\/\/dienmayphucloc.vn\/index.php\/wp-json\/wp\/v2\/media?parent=245"}],"wp:term":[{"taxonomy":"product_brand","embeddable":true,"href":"https:\/\/dienmayphucloc.vn\/index.php\/wp-json\/wp\/v2\/product_brand?post=245"},{"taxonomy":"product_cat","embeddable":true,"href":"https:\/\/dienmayphucloc.vn\/index.php\/wp-json\/wp\/v2\/product_cat?post=245"},{"taxonomy":"product_tag","embeddable":true,"href":"https:\/\/dienmayphucloc.vn\/index.php\/wp-json\/wp\/v2\/product_tag?post=245"}],"curies":[{"name":"wp","href":"https:\/\/api.w.org\/{rel}","templated":true}]}}