{"id":230,"date":"2025-12-21T08:59:25","date_gmt":"2025-12-21T08:59:25","guid":{"rendered":"https:\/\/dienmayphucloc.vn\/?post_type=product&#038;p=230"},"modified":"2025-12-21T08:59:25","modified_gmt":"2025-12-21T08:59:25","slug":"may-toi-dien-mini-pa1000-tai-trong-500-1000kg","status":"publish","type":"product","link":"https:\/\/dienmayphucloc.vn\/index.php\/san-pham\/may-toi-dien-mini-pa1000-tai-trong-500-1000kg\/","title":{"rendered":"M\u00e1y T\u1eddi \u0110i\u1ec7n Mini PA1000.T\u1ea3i Tr\u1ecdng 500-1000Kg"},"content":{"rendered":"<p><strong>M\u00e1y t\u1eddi \u0111i\u1ec7n mini PA1000 t\u1ea3i tr\u1ecdng 500kg \u2013 1000kg PA1000 Si\u00eau ph\u1ea9m trong t\u1ea7m gi\u00e1<\/strong><\/p>\n<p>Ng\u00e0y nay,\u00a0<a href=\"https:\/\/thanglonggroup.vn\/may-toi-dien\/toi-keo-mini-1-pha\/\">m\u00e1y t\u1eddi \u0111i\u1ec7n mini<\/a>\u00a0\u0111ang \u0111\u01b0\u1ee3c s\u1eed d\u1ee5ng ph\u1ed5 bi\u1ebfn t\u1ea1i \u1edf c\u00e1c nh\u00e0 x\u01b0\u1edfng, c\u00e1c kho b\u00e3i, c\u00e1c c\u00f4ng tr\u00ecnh. \u0110i\u1ec1u \u0111\u00f3 cho th\u1ea5y t\u00ednh \u1ee9ng d\u1ee5ng r\u1ed9ng r\u00e3i v\u00e0 s\u1ef1 c\u1ea7n thi\u1ebft c\u1ee7a s\u1ea3n ph\u1ea9m n\u00e0y. N\u1ebfu b\u1ea1n \u0111ang quan t\u00e2m, \u0111ang t\u00ecm ki\u1ebfm s\u1ea3n ph\u1ea9m\u00a0<strong>t\u1eddi treo 500kg \u2013 1000kg<\/strong>\u00a0<strong>PA1000\u00a0<\/strong>ph\u1ee5c v\u1ee5 c\u00f4ng vi\u1ec7c c\u1ee7a m\u00ecnh\u00a0 th\u00ec nh\u1eefng th\u00f4ng tin chi ti\u1ebft v\u1ec1 s\u1ea3n ph\u1ea9m sau \u0111\u00e2y s\u1ebd r\u1ea5t h\u1eefu \u00edch cho b\u1ea1n \u0111\u1ea5y.<\/p>\n<ol>\n<li><strong> Th\u00f4ng s\u1ed1 m\u00e1y t\u1eddi \u0111i\u1ec7n 500kg \u2013 1000kg PA1000<\/strong><\/li>\n<\/ol>\n<ul>\n<li>Xu\u1ea5t x\u1ee9: Trung Qu\u1ed1c-C\u00f4ng ngh\u1ec7 Nh\u1eadt B\u1ea3n<\/li>\n<li>\u0110\u1ed9ng c\u01a1 \u0111i\u1ec7n: 1500W<\/li>\n<li>T\u1ea3i tr\u1ecdng n\u00e2ng: 500kg khi k\u00e9o 1 m\u00f3c (t\u01b0\u01a1ng \u0111\u01b0\u01a1ng v\u1edbi t\u1ea3i tr\u1ecdng c\u1ee7a\u00a0<strong><em>t\u1eddi<\/em><\/strong>\u00a0<strong><em>\u0111i\u1ec7n mini 500kg<\/em><\/strong>\u00a0lo\u1ea1i 2 m\u00f3c) 1000kg \u0111\u1ed1i v\u1edbi k\u00e9o 2 m\u00f3c.<\/li>\n<li>T\u1ed1c \u0111\u1ed9 n\u00e2ng h\u1ea1: 5m\/ph\u00fat \u0111\u1ed1i v\u1edbi k\u00e9o 2 m\u00f3c v\u00e0 t\u1ed1c \u0111\u1ed9 n\u00e2ng h\u1ea1 l\u00e0 8m\/ph\u00fat \u0111\u1ed1i v\u1edbi lo\u1ea1i 1 m\u00f3c.<\/li>\n<li>Chi\u1ec1u cao n\u00e2ng h\u1ea1: t\u1ed1i \u0111a 20m \u0111\u1ed1i v\u1edbi\u00a0<strong>t\u1eddi k\u00e9o mini PA1000<\/strong>\u00a0khi k\u00e9o 2 m\u00f3c v\u00e0 t\u1ed1i \u0111a 40m khi k\u00e9o 1 m\u00f3c<\/li>\n<li>Th\u1eddi gian b\u1ea3o h\u00e0nh d\u00e0i: 06 th\u00e1ng<\/li>\n<\/ul>\n<ol start=\"2\">\n<li><strong> M\u00e1y t\u1eddi \u0111i\u1ec7n 500kg \u2013 1000kg\u00a0PA1000 c\u00f3 g\u00ec n\u1ed5i b\u1eadt?<\/strong><\/li>\n<\/ol>\n<ul>\n<li>\u0110\u00e1nh gi\u00e1 chung:\u00a0<a href=\"https:\/\/thanglonggroup.vn\/may-toi-dien\/\">M\u00e1y t\u1eddi \u0111i\u1ec7n<\/a>\u00a0mini PA1000 l\u00e0 d\u00f2ng t\u1eddi \u0111i\u1ec7n 1 pha d\u00e2n d\u1ee5ng t\u1ed1t nh\u1ea5t v\u00e0 \u0111\u01b0\u1ee3c \u01b0a chu\u1ed9ng h\u00e0ng \u0111\u1ea7u \u1edf Vi\u1ec7t Nam.<\/li>\n<li>Ch\u00fang \u0111\u01b0\u1ee3c thi\u1ebft k\u1ebf \u0111\u1eb7c bi\u1ec7t gi\u00fap vi\u1ec7c l\u1eafp \u0111\u1eb7t v\u00e0 s\u1eed d\u1ee5ng tr\u1edf n\u00ean d\u1ec5 d\u00e0ng h\u01a1n.<\/li>\n<li>S\u1ea3n ph\u1ea9m c\u00f3 t\u00ednh \u1ee9ng d\u1ee5ng r\u1ed9ng r\u00e3i trong c\u00e1c: nh\u00e0 h\u00e0ng, nh\u00e0 x\u01b0\u1edfng, b\u1ebfn b\u00e3i, kho h\u00e0ng, kh\u00e1ch s\u1ea1n,\u2026.<\/li>\n<li><a href=\"https:\/\/thanglonggroup.vn\/top-7-may-toi-dien-500kg-tot-nhat-2023\/\"><strong>T\u1eddi \u0111i\u1ec7n 500kg\u00a0<\/strong><\/a>PA1000 l\u00e0 d\u00f2ng t\u1eddi n\u00e2ng h\u00e0ng t\u1ea3i tr\u1ecdng 500kg \u2013 1000kg thi\u1ebft k\u1ebf \u0111\u01a1n gi\u1ea3n, ng\u01b0\u1eddi d\u00f9ng c\u00f3 th\u1ec3 v\u1eadn h\u00e0nh m\u1ed9t c\u00e1ch d\u1ec5 d\u00e0ng ch\u1ec9 v\u1edbi thao t\u00e1c n\u00fat b\u1ea5m l\u00ean xu\u1ed1ng.<\/li>\n<li>M\u00e1y \u0111\u01b0\u1ee3c t\u00edch h\u1ee3p h\u1ec7 th\u1ed1ng phanh an to\u00e0n gi\u00fap ng\u01b0\u1eddi d\u00f9ng c\u00f3 th\u1ec3 th\u1ea3, d\u1eebng m\u00e1y \u1edf v\u1ecb tr\u00ed m\u00e0 m\u00ecnh mong mu\u1ed1n.<\/li>\n<li>S\u1ea3n ph\u1ea9m \u0111\u01b0\u1ee3c \u0111\u00e1nh gi\u00e1 l\u00e0 c\u00f3 \u0111\u1ed9 b\u1ec1n cao, tu\u1ed5i th\u1ecd d\u00e0i, \u00edt h\u1ecfng h\u00f3c, r\u1ea5t c\u00f3 l\u1ee3i c\u00f3 ng\u01b0\u1eddi ti\u00eau d\u00f9ng.<\/li>\n<li>Chi ph\u00ed \u0111\u1ec3 s\u1edf h\u1eefu nh\u1eefng chi\u1ebfc m\u00e1y t\u1eddi k\u00e9o mini n\u00e0y kh\u00e1 th\u1ea5p, thay v\u00ec b\u1ea1n ph\u1ea3i s\u1eed d\u1ee5ng\u00a0<strong><em>t\u1eddi \u0111i\u1ec7n mini 500kg<\/em><\/strong>\u00a0th\u00ec b\u1ea1n c\u00f3 th\u1ec3 s\u1eed d\u1ee5ng t\u1eddi PA1000 \u0111\u1ec3 c\u00f3 t\u1ea3i tr\u1ecdng k\u00e9o l\u1edbn h\u01a1n khi c\u1ea7n thi\u1ebft m\u00e0 gi\u00e1 ch\u1ec9 ch\u00eanh nhau v\u00e0i tr\u0103m ngh\u00ecn.<\/li>\n<li>N\u1ebfu kh\u00f4ng may x\u1ea3y ra h\u1ecfng h\u00f3c ho\u1eb7c c\u00e1c b\u1ed9 ph\u1eadn s\u1eed d\u1ee5ng trong th\u1eddi gian d\u00e0i c\u1ea7n thay th\u1ebf th\u00ec tr\u00ean th\u1ecb tr\u01b0\u1eddng c\u0169ng r\u1ea5t s\u1eb5n v\u1edbi m\u1ee9c chi ph\u00ed h\u1ee3p l\u00fd.<\/li>\n<li>S\u1eed d\u1ee5ng \u0111i\u1ec7n \u00e1p 1 pha, \u0111i\u1ec7n d\u00e2n d\u1ee5ng n\u00ean s\u1ea3n ph\u1ea9m n\u00e0y r\u1ea5t th\u00e2n thi\u1ec7n v\u1edbi m\u00f4i tr\u01b0\u1eddng.<\/li>\n<\/ul>\n<p><strong>3.\u1ee8ng D\u1ee5ng Th\u1ef1c T\u1ebf:<\/strong><\/p>\n<ul>\n<li>S\u1eed d\u1ee5ng theo h\u01b0\u1edbng m\u00e0 ng\u01b0\u1eddi \u0111i\u1ec1u ki\u1ec3n s\u1eed d\u1ee5ng \u0111\u1ec3 n\u00e2ng v\u00e0 h\u1ea1 c\u00e1c v\u1eadt n\u1eb7ng t\u1eeb m\u1eb7t \u0111\u1ea5t l\u00ean cao ho\u1eb7c t\u01b0 tr\u00ean cao xu\u1ed1ng d\u01b0\u1edbi m\u1eb7t \u0111\u1ea5t.<\/li>\n<li>Chi\u1ec1u cao t\u1ed1t nh\u1ea5t m\u00e0\u00a0<strong>t\u1eddi \u0111i\u1ec7n 1000kg<\/strong> c\u00f3 th\u1ec3 l\u00e0m vi\u1ec7c l\u00ean t\u1edbi 30 m\u00e9t ph\u00f9 h\u1ee3p v\u1edbi m\u1ecdi c\u00f4ng tr\u00ecnh x\u00e2y d\u1ef1ng v\u1eeba v\u00e0 nh\u1ecf c\u0169ng nh\u01b0 b\u1ed1c d\u1ee1 h\u00e0ng h\u00f3a.<\/li>\n<li>C\u00f3 c\u1ea5u t\u1ea1o \u0111\u01a1n gi\u1ea3n n\u00ean d\u1ec5 dang v\u1ec7 sinh v\u00e0 b\u1ea3o tr\u00ec sau gi\u1edd l\u00e0m vi\u1ec7c<\/li>\n<li>S\u1eed d\u1ee5ng linh ho\u1ea1t c\u00e1p \u0111\u01a1n hay c\u00e1p \u0111\u00f4i t\u00f9y thu\u1ed9c v\u00e0o nhu c\u1ea7u c\u1ee7a ng\u01b0\u1eddi s\u1eed d\u1ee5ng.<\/li>\n<li>T\u00ednh \u1ee9ng d\u1ee5ng r\u00e3i trong nhi\u1ec1u l\u0129nh v\u1ef1c: kho b\u00e3i, nh\u00e0 x\u01b0\u1edfng, x\u00e2y d\u1ef1ng,\u2026.<\/li>\n<li>C\u1ea5u t\u1ea1o \u0111\u01a1n gi\u1ea3n, tr\u1ecdng l\u01b0\u1ee3ng nh\u1eb9, r\u1ea5t d\u1ec5 d\u00e0ng l\u1eafp \u0111\u1eb7t, d\u1ec5 d\u00e0ng v\u1eadn h\u00e0nh.<\/li>\n<li>\u0110\u1ed9ng c\u01a1 \u0111i\u1ec7n \u0111\u1ea3m b\u1ea3o, nhi\u1ec7t \u0111\u1ed9 m\u00e1y lu\u00f4n duy tr\u00ec \u1edf m\u1ee9c \u0111\u1ed9 an to\u00e0n trong su\u1ed1t qu\u00e1 tr\u00ecnh v\u1eadn h\u00e0nh.<\/li>\n<li>\u0110i\u1ec7n \u00e1p th\u1ea5p, gi\u1ea3m thi\u1ec3u c\u00e1c r\u1ee7i ro v\u1ec1 \u0111i\u1ec7n, kh\u1ea3 n\u0103ng c\u00e1ch \u0111i\u1ec7n t\u1ed1t, kh\u1ea3 n\u0103ng ch\u1ecbu t\u1ea3i cao.<\/li>\n<\/ul>\n<p>D\u00f2ng t\u1eddi k\u00e9o mini n\u00e0y \u0111\u01b0\u1ee3c \u1ee9ng d\u1ee5ng nh\u01b0 c\u00e1c lo\u1ea1i\u00a0<a href=\"https:\/\/thanglonggroup.vn\/pa-lang\/cap-dien\/\">pa l\u0103ng c\u00e1p \u0111i\u1ec7n<\/a>. V\u00ec v\u1eady n\u1ebfu b\u1ea1n mu\u1ed1n k\u00e9o h\u00e0ng v\u1edbi t\u1ea3i tr\u1ecdng l\u1edbn m\u00e0 kh\u00f4ng \u0111\u1ee7 \u0111i\u1ec1u ki\u1ec7n s\u1eed d\u1ee5ng \u0111i\u1ec7n 3pha \u0111\u1ec3 l\u1eafp pa l\u0103ng c\u00e1p \u0111i\u1ec7n th\u00ec th\u00ec\u00a0<strong>m\u00e1y<\/strong>\u00a0<strong>t\u1eddi treo PA1000 500kg \u2013 1000kg\u00a0<\/strong>ch\u00ednh l\u00e0 m\u1ed9t g\u1ee3i \u00fd v\u00f4 c\u00f9ng tuy\u1ec7t v\u1eddi d\u00e0nh cho b\u1ea1n. V\u00e0 \u0111\u1ec3 nh\u1eadn t\u01b0 v\u1ea5n chi ti\u1ebft h\u01a1n, c\u1ee5 th\u1ec3 h\u01a1n v\u1ec1 s\u1ea3n ph\u1ea9m n\u00e0y b\u1ea1n c\u00f3 th\u1ec3 li\u00ean h\u1ec7 tr\u1ef1c ti\u1ebfp v\u1edbi \u0110i\u1ec7n M\u00e1y Ph\u00fac L\u1ed9c \u2013 Nh\u00e0 cung c\u1ea5p c\u00e1c lo\u1ea1i thi\u1ebft b\u1ecb n\u00e2ng h\u1ea1 s\u1ed1 1 Vi\u1ec7t Nam hi\u1ec7n nay.<\/p>\n<p>\u0110\u1ebfn v\u1edbi ch\u00fang t\u00f4i b\u1ea1n kh\u00f4ng ch\u1ec9 c\u00f3 s\u1ef1 l\u1ef1a ch\u1ecdn phong ph\u00fa v\u1edbi h\u00e0ng ch\u1ee5c lo\u1ea1i thi\u1ebft b\u1ecb n\u00e2ng h\u1ea1 kh\u00e1c nhau nh\u01b0 pa l\u0103ng x\u00edch k\u00e9o tay, l\u1eafc tay, t\u1eddi k\u00e9o, k\u00edch th\u1ee7y l\u1ef1c\u2026. m\u00e0 c\u00f2n nh\u1eadn \u0111\u01b0\u1ee3c nhi\u1ec1u \u01b0u \u0111\u00e3i v\u00e0 h\u1eadu m\u00e3i l\u1edbn khi tr\u1edf th\u00e0nh kh\u00e1ch h\u00e0ng th\u00e2n thi\u1ebft c\u1ee7a ch\u00fang t\u00f4i.<\/p>\n<p>M\u1ecdi th\u00f4ng tin chi ti\u1ebft v\u1ec1 s\u1ea3n ph\u1ea9m\u00a0<strong>M\u00e1y<\/strong>\u00a0<strong>t\u1eddi \u0111i\u1ec7n mini PA1000 t\u1ea3i tr\u1ecdng 500kg \u2013 1000kg\u00a0<\/strong>c\u0169ng nh\u01b0 c\u00e1c s\u1ea3n ph\u1ea9m Qu\u00fd kh\u00e1ch vui l\u00f2ng li\u00ean h\u1ec7 v\u1edbi ch\u00fang t\u00f4i theo :<\/p>\n<p>\u0110i\u1ec7n tho\u1ea1i:\u00a0<a href=\"tel:0969%20623%20286\">096<\/a>1.82.50.50<\/p>\n<p>Email: Ducloctb86 gmail.com<\/p>\n<p>\u0110\u1ecba ch\u1ec9 xem h\u00e0ng : S\u1ed1 11 Ng\u00f5 14 T\u1ea3 Thanh Oai,Thanh Tr\u00ec, H\u00e0 N\u1ed9i.<\/p>\n","protected":false},"excerpt":{"rendered":"<p><strong>Th\u00f4ng s\u1ed1 k\u0129 th\u1eadt M\u00e1y t\u1eddi treo PA1000<\/strong><\/p>\n<table width=\"807\">\n<tbody>\n<tr>\n<td width=\"434\"><strong>N\u1ed8I DUNG<\/strong><\/td>\n<td width=\"373\"><strong>TH\u00d4NG S\u1ed0<\/strong><\/td>\n<\/tr>\n<tr>\n<td width=\"434\">Model<\/td>\n<td width=\"373\">PA1000<\/td>\n<\/tr>\n<tr>\n<td width=\"434\">ngu\u1ed3n \u0111i\u1ec7n<\/td>\n<td width=\"373\">220v<\/td>\n<\/tr>\n<tr>\n<td width=\"434\"><strong>t\u1ea7n s\u1ed1 m\u00e1y\u00a0<\/strong><\/td>\n<td width=\"373\">50\/60hz<\/td>\n<\/tr>\n<tr>\n<td width=\"434\">T\u1ea3i tr\u1ecdng (1 m\u00f3c\u201a 2 m\u00f3c)<\/td>\n<td width=\"373\">500\/1000 kg<\/td>\n<\/tr>\n<tr>\n<td width=\"434\">Chi\u1ec1u cao n\u00e2ng h\u1ea1<\/td>\n<td width=\"373\">40m<\/td>\n<\/tr>\n<tr>\n<td width=\"434\">T\u1ed1c \u0111\u1ed9 n\u00e2ng<\/td>\n<td width=\"373\">20\/10 m\/ph\u00fat<\/td>\n<\/tr>\n<tr>\n<td width=\"434\">c\u00f4ng su\u1ea5t<\/td>\n<td width=\"373\">1600w<\/td>\n<\/tr>\n<tr>\n<td width=\"434\">Chi\u1ec1u d\u00e1i c\u00e1p<\/td>\n<td width=\"373\">12-30m<\/td>\n<\/tr>\n<\/tbody>\n<\/table>\n","protected":false},"featured_media":181,"comment_status":"open","ping_status":"closed","template":"","meta":[],"product_brand":[],"product_cat":[15,21],"product_tag":[],"class_list":{"0":"post-230","1":"product","2":"type-product","3":"status-publish","4":"has-post-thumbnail","6":"product_cat-may-toi","7":"product_cat-may-toi-pa","9":"first","10":"instock","11":"sale","12":"shipping-taxable","13":"purchasable","14":"product-type-simple"},"_links":{"self":[{"href":"https:\/\/dienmayphucloc.vn\/index.php\/wp-json\/wp\/v2\/product\/230","targetHints":{"allow":["GET"]}}],"collection":[{"href":"https:\/\/dienmayphucloc.vn\/index.php\/wp-json\/wp\/v2\/product"}],"about":[{"href":"https:\/\/dienmayphucloc.vn\/index.php\/wp-json\/wp\/v2\/types\/product"}],"replies":[{"embeddable":true,"href":"https:\/\/dienmayphucloc.vn\/index.php\/wp-json\/wp\/v2\/comments?post=230"}],"wp:featuredmedia":[{"embeddable":true,"href":"https:\/\/dienmayphucloc.vn\/index.php\/wp-json\/wp\/v2\/media\/181"}],"wp:attachment":[{"href":"https:\/\/dienmayphucloc.vn\/index.php\/wp-json\/wp\/v2\/media?parent=230"}],"wp:term":[{"taxonomy":"product_brand","embeddable":true,"href":"https:\/\/dienmayphucloc.vn\/index.php\/wp-json\/wp\/v2\/product_brand?post=230"},{"taxonomy":"product_cat","embeddable":true,"href":"https:\/\/dienmayphucloc.vn\/index.php\/wp-json\/wp\/v2\/product_cat?post=230"},{"taxonomy":"product_tag","embeddable":true,"href":"https:\/\/dienmayphucloc.vn\/index.php\/wp-json\/wp\/v2\/product_tag?post=230"}],"curies":[{"name":"wp","href":"https:\/\/api.w.org\/{rel}","templated":true}]}}