{"id":207,"date":"2025-12-20T09:02:15","date_gmt":"2025-12-20T09:02:15","guid":{"rendered":"https:\/\/dienmayphucloc.vn\/?post_type=product&#038;p=207"},"modified":"2025-12-21T08:26:52","modified_gmt":"2025-12-21T08:26:52","slug":"toi-dien-mini-pa-tai-trong-200kg-400kg","status":"publish","type":"product","link":"https:\/\/dienmayphucloc.vn\/index.php\/san-pham\/toi-dien-mini-pa-tai-trong-200kg-400kg\/","title":{"rendered":"T\u1eddi \u0111i\u1ec7n mini PA400 L\u00f5i \u0110\u1ed3ng"},"content":{"rendered":"<h3 data-start=\"392\" data-end=\"414\">\ud83c\udf1f \u01afU \u0110I\u1ec2M N\u1ed4I B\u1eacT<\/h3>\n<ul data-start=\"415\" data-end=\"727\">\n<li data-start=\"415\" data-end=\"484\">\n<p data-start=\"417\" data-end=\"484\">\u2714\ufe0f <strong data-start=\"420\" data-end=\"440\">Thi\u1ebft k\u1ebf nh\u1ecf g\u1ecdn<\/strong>, d\u1ec5 l\u1eafp \u0111\u1eb7t tr\u00ean cao, khung th\u00e9p, d\u1ea7m nh\u00e0<\/p>\n<\/li>\n<li data-start=\"485\" data-end=\"543\">\n<p data-start=\"487\" data-end=\"543\">\u2714\ufe0f <strong data-start=\"490\" data-end=\"525\">\u0110\u1ed9ng c\u01a1 kh\u1ecfe \u2013 v\u1eadn h\u00e0nh \u1ed5n \u0111\u1ecbnh<\/strong>, \u00edt rung, \u00edt \u1ed3n<\/p>\n<\/li>\n<li data-start=\"544\" data-end=\"589\">\n<p data-start=\"546\" data-end=\"589\">\u2714\ufe0f <strong data-start=\"549\" data-end=\"570\">D\u00e2y c\u00e1p ch\u1eafc ch\u1eafn<\/strong>, n\u00e2ng h\u1ea1 an to\u00e0n<\/p>\n<\/li>\n<li data-start=\"590\" data-end=\"662\">\n<p data-start=\"592\" data-end=\"662\">\u2714\ufe0f <strong data-start=\"595\" data-end=\"623\">V\u1ecf s\u01a1n t\u0129nh \u0111i\u1ec7n cao c\u1ea5p<\/strong>, ch\u1ed1ng g\u1ec9 s\u00e9t, b\u1ec1n b\u1ec9 theo th\u1eddi gian<\/p>\n<\/li>\n<li data-start=\"663\" data-end=\"727\">\n<p data-start=\"665\" data-end=\"727\">\u2714\ufe0f <strong data-start=\"668\" data-end=\"695\">Tay \u0111i\u1ec1u khi\u1ec3n ti\u1ec7n l\u1ee3i<\/strong>, d\u1ec5 s\u1eed d\u1ee5ng cho m\u1ecdi \u0111\u1ed1i t\u01b0\u1ee3ng<\/p>\n<\/li>\n<\/ul>\n<h3 data-start=\"734\" data-end=\"758\"><img decoding=\"async\" class=\"emoji\" role=\"img\" draggable=\"false\" src=\"https:\/\/s.w.org\/images\/core\/emoji\/17.0.2\/svg\/1f527.svg\" alt=\"\ud83d\udd27\" \/>\u00a0TH\u00d4NG S\u1ed0 K\u1ef8 THU\u1eacT<\/h3>\n<ul>\n<li>Xu\u1ea5t x\u1ee9: Trung Qu\u1ed1c- C\u00f4ng ngh\u1ec7 Nh\u1eadt B\u1ea3n<\/li>\n<li>\u0110\u1ed9ng c\u01a1 \u0111i\u1ec7n: 1200W<\/li>\n<li>Ngu\u1ed3n \u0110i\u1ec7n 220V<\/li>\n<li>T\u1ea3i tr\u1ecdng n\u00e2ng: 400kg khi k\u00e9o 1 m\u00f3c (t\u01b0\u01a1ng \u0111\u01b0\u01a1ng v\u1edbi t\u1ea3i tr\u1ecdng c\u1ee7a <strong><em>t\u1eddi<\/em><\/strong>\u00a0<strong><em>\u0111i\u1ec7n mini 400kg<\/em><\/strong> lo\u1ea1i 2 m\u00f3c) 400kg \u0111\u1ed1i v\u1edbi k\u00e9o 2 m\u00f3c.<\/li>\n<li>T\u1ed1c \u0111\u1ed9 n\u00e2ng h\u1ea1: 8m\/ph\u00fat \u0111\u1ed1i v\u1edbi k\u00e9o 2 m\u00f3c v\u00e0 t\u1ed1c \u0111\u1ed9 n\u00e2ng h\u1ea1 l\u00e0 14m\/ph\u00fat \u0111\u1ed1i v\u1edbi lo\u1ea1i 1 m\u00f3c.<\/li>\n<li>Chi\u1ec1u cao n\u00e2ng h\u1ea1: t\u1ed1i \u0111a 15m \u0111\u1ed1i v\u1edbi <strong>t\u1eddi k\u00e9o mini PA1000<\/strong> khi k\u00e9o 2 m\u00f3c v\u00e0 t\u1ed1i \u0111a 30m khi k\u00e9o 1 m\u00f3c<\/li>\n<li>Th\u1eddi gian b\u1ea3o h\u00e0nh d\u00e0i: 06 th\u00e1ng<\/li>\n<\/ul>\n<p><img decoding=\"async\" class=\"emoji\" style=\"color: #555555; background-color: #ffffff; font-size: 14.4px;\" role=\"img\" draggable=\"false\" src=\"https:\/\/s.w.org\/images\/core\/emoji\/17.0.2\/svg\/1f4cc.svg\" alt=\"\ud83d\udccc\" \/><strong><span style=\"color: #555555; font-size: 14.4px;\">\u00a0\u1ee8NG D\u1ee4NG TH\u1ef0C T\u1ebe<\/span><\/strong><\/p>\n<ul>\n<li data-start=\"1117\" data-end=\"1159\">\n<p data-start=\"1119\" data-end=\"1159\"><img decoding=\"async\" class=\"emoji\" role=\"img\" draggable=\"false\" src=\"https:\/\/s.w.org\/images\/core\/emoji\/17.0.2\/svg\/1f3e0.svg\" alt=\"\ud83c\udfe0\" \/>\u00a0N\u00e2ng \u0111\u1ed3 gia \u0111\u00ecnh, v\u1eadt li\u1ec7u x\u00e2y d\u1ef1ng<\/p>\n<\/li>\n<li data-start=\"1160\" data-end=\"1205\">\n<p data-start=\"1162\" data-end=\"1205\"><img decoding=\"async\" class=\"emoji\" role=\"img\" draggable=\"false\" src=\"https:\/\/s.w.org\/images\/core\/emoji\/17.0.2\/svg\/1f3d7.svg\" alt=\"\ud83c\udfd7\ufe0f\" \/>\u00a0C\u00f4ng tr\u00ecnh d\u00e2n d\u1ee5ng, s\u1eeda ch\u1eefa nh\u00e0 c\u1eeda<\/p>\n<\/li>\n<li data-start=\"1206\" data-end=\"1246\">\n<p data-start=\"1208\" data-end=\"1246\"><img decoding=\"async\" class=\"emoji\" role=\"img\" draggable=\"false\" src=\"https:\/\/s.w.org\/images\/core\/emoji\/17.0.2\/svg\/1f3ea.svg\" alt=\"\ud83c\udfea\" \/>\u00a0Kho h\u00e0ng, c\u1eeda h\u00e0ng v\u1eadt t\u01b0, c\u01a1 kh\u00ed<\/p>\n<\/li>\n<li data-start=\"1247\" data-end=\"1280\">\n<p data-start=\"1249\" data-end=\"1280\"><img decoding=\"async\" class=\"emoji\" role=\"img\" draggable=\"false\" src=\"https:\/\/s.w.org\/images\/core\/emoji\/17.0.2\/svg\/1f6e0.svg\" alt=\"\ud83d\udee0\ufe0f\" \/> X\u01b0\u1edfng s\u1ea3n xu\u1ea5t quy m\u00f4 nh\u1ecf.<\/p>\n<\/li>\n<\/ul>\n<p>M\u1ecdi th\u00f4ng tin chi ti\u1ebft v\u1ec1 s\u1ea3n ph\u1ea9m c\u0169ng nh\u01b0 c\u00e1c s\u1ea3n ph\u1ea9m Qu\u00fd kh\u00e1ch vui l\u00f2ng li\u00ean h\u1ec7 v\u1edbi ch\u00fang t\u00f4i theo :<\/p>\n<p>\u0110i\u1ec7n tho\u1ea1i: <a href=\"tel:0969 623 286\">096<\/a>1.82.50.50\/0942.18.69.69<\/p>\n<p>Email: Ducloctb86 gmail.com<\/p>\n<p>\u0110\u1ecba ch\u1ec9 xem h\u00e0ng : 11 ng\u00f5 14 T\u1ea3 Thanh Oai,Thanh Tr\u00ec, H\u00e0 N\u1ed9i.<\/p>\n","protected":false},"excerpt":{"rendered":"<p><strong data-start=\"225\" data-end=\"248\">T\u1eddi \u0111i\u1ec7n mini NITTO<\/strong> l\u00e0 l\u1ef1a ch\u1ecdn l\u00fd t\u01b0\u1edfng cho nhu c\u1ea7u n\u00e2ng \u2013 h\u1ea1 h\u00e0ng h\u00f3a nh\u1eb9 \u0111\u1ebfn trung b\u00ecnh, ph\u00f9 h\u1ee3p <strong data-start=\"329\" data-end=\"389\">gia \u0111\u00ecnh, c\u1eeda h\u00e0ng, kho x\u01b0\u1edfng nh\u1ecf v\u00e0 c\u00f4ng tr\u00ecnh d\u00e2n d\u1ee5ng<\/strong>.<\/p>\n","protected":false},"featured_media":208,"comment_status":"open","ping_status":"closed","template":"","meta":[],"product_brand":[],"product_cat":[15,21],"product_tag":[],"class_list":{"0":"post-207","1":"product","2":"type-product","3":"status-publish","4":"has-post-thumbnail","6":"product_cat-may-toi","7":"product_cat-may-toi-pa","9":"first","10":"instock","11":"sale","12":"shipping-taxable","13":"purchasable","14":"product-type-simple"},"_links":{"self":[{"href":"https:\/\/dienmayphucloc.vn\/index.php\/wp-json\/wp\/v2\/product\/207","targetHints":{"allow":["GET"]}}],"collection":[{"href":"https:\/\/dienmayphucloc.vn\/index.php\/wp-json\/wp\/v2\/product"}],"about":[{"href":"https:\/\/dienmayphucloc.vn\/index.php\/wp-json\/wp\/v2\/types\/product"}],"replies":[{"embeddable":true,"href":"https:\/\/dienmayphucloc.vn\/index.php\/wp-json\/wp\/v2\/comments?post=207"}],"wp:featuredmedia":[{"embeddable":true,"href":"https:\/\/dienmayphucloc.vn\/index.php\/wp-json\/wp\/v2\/media\/208"}],"wp:attachment":[{"href":"https:\/\/dienmayphucloc.vn\/index.php\/wp-json\/wp\/v2\/media?parent=207"}],"wp:term":[{"taxonomy":"product_brand","embeddable":true,"href":"https:\/\/dienmayphucloc.vn\/index.php\/wp-json\/wp\/v2\/product_brand?post=207"},{"taxonomy":"product_cat","embeddable":true,"href":"https:\/\/dienmayphucloc.vn\/index.php\/wp-json\/wp\/v2\/product_cat?post=207"},{"taxonomy":"product_tag","embeddable":true,"href":"https:\/\/dienmayphucloc.vn\/index.php\/wp-json\/wp\/v2\/product_tag?post=207"}],"curies":[{"name":"wp","href":"https:\/\/api.w.org\/{rel}","templated":true}]}}