{"id":198,"date":"2025-12-19T15:51:11","date_gmt":"2025-12-19T15:51:11","guid":{"rendered":"https:\/\/dienmayphucloc.vn\/?post_type=product&#038;p=198"},"modified":"2025-12-21T08:44:04","modified_gmt":"2025-12-21T08:44:04","slug":"toi-dien-mini-pa-800-tai-trong-400-800kg","status":"publish","type":"product","link":"https:\/\/dienmayphucloc.vn\/index.php\/san-pham\/toi-dien-mini-pa-800-tai-trong-400-800kg\/","title":{"rendered":"T\u1eddi \u0111i\u1ec7n mini PA 800 L\u00f5i \u0110\u1ed3ng T\u1ea3i Tr\u1ecdng 400-800kg"},"content":{"rendered":"<h3 class=\"otQkpb\" role=\"heading\" aria-level=\"3\" data-processed=\"true\">**\u0110\u1eb7c \u0111i\u1ec3m n\u1ed5i b\u1eadt:<\/h3>\n<ul class=\"KsbFXc U6u95\" data-processed=\"true\">\n<li data-hveid=\"CAgQAA\" data-processed=\"true\"><span class=\"T286Pc\" data-sfc-cp=\"\" data-processed=\"true\"><strong class=\"Yjhzub\" data-processed=\"true\">T\u1ea3i tr\u1ecdng:<\/strong>\u00a0400kg (m\u00f3c \u0111\u01a1n) &#8211; 800kg (m\u00f3c \u0111\u00f4i).<\/span><\/li>\n<li data-hveid=\"CAgQAQ\" data-processed=\"true\"><span class=\"T286Pc\" data-sfc-cp=\"\" data-processed=\"true\"><strong class=\"Yjhzub\" data-processed=\"true\">Ngu\u1ed3n \u0111i\u1ec7n:<\/strong>\u00a0220V (1 pha).<\/span><\/li>\n<li data-hveid=\"CAgQAQ\" data-processed=\"true\"><strong>C\u00f4ng Su\u1ea5t<\/strong>:1450 W<\/li>\n<li data-hveid=\"CAgQAQ\" data-processed=\"true\"><strong>Chi\u1ec1u d\u00e0i C\u00e1p<\/strong>: 12-30m<\/li>\n<li data-hveid=\"CAgQAg\" data-processed=\"true\"><span class=\"T286Pc\" data-sfc-cp=\"\" data-processed=\"true\"><strong class=\"Yjhzub\" data-processed=\"true\">V\u1eadt li\u1ec7u:<\/strong>\u00a0V\u1ecf h\u1ee3p kim nh\u00f4m, ch\u1ed1ng va \u0111\u1eadp t\u1ed1t.<\/span><\/li>\n<li data-hveid=\"CAgQAw\" data-processed=\"true\"><span class=\"T286Pc\" data-sfc-cp=\"\" data-processed=\"true\"><strong class=\"Yjhzub\" data-processed=\"true\">T\u1ea3n nhi\u1ec7t:<\/strong>\u00a0M\u1ea1nh m\u1ebd, \u0111\u1ed9ng c\u01a1 ho\u1ea1t \u0111\u1ed9ng b\u1ec1n b\u1ec9.<\/span><\/li>\n<li data-hveid=\"CAgQBA\" data-processed=\"true\"><span class=\"T286Pc\" data-sfc-cp=\"\" data-processed=\"true\"><strong class=\"Yjhzub\" data-processed=\"true\">D\u00e2y c\u00e1p:<\/strong>\u00a0Thi\u1ebft k\u1ebf ch\u1ed1ng xo\u1eafn, ch\u1ed1ng m\u00e0i m\u00f2n.<\/span><\/li>\n<\/ul>\n<p><span class=\"T286Pc\" data-sfc-cp=\"\" data-processed=\"true\"><strong class=\"Yjhzub\" data-processed=\"true\">Ph\u1ee5 ki\u1ec7n:<\/strong>\u00a0C\u00f3 th\u1ec3 l\u1eafp th\u00eam \u0111i\u1ec1u khi\u1ec3n t\u1eeb xa.<\/span><span class=\"uJ19be notranslate\" data-wiz-uids=\"Hq3U6c_3g,Hq3U6c_3h,Hq3U6c_3i\" data-processed=\"true\"><span class=\"uJ19be notranslate\" data-wiz-uids=\"Hq3U6c_3g,Hq3U6c_3h,Hq3U6c_3i\" data-processed=\"true\"><span class=\"vKEkVd\" data-animation-atomic=\"\" data-wiz-attrbind=\"class=Hq3U6c_3g\/TKHnVd;\" data-processed=\"true\"><br \/>\n<\/span><\/span><\/span><\/p>\n<h3>**L\u1ee3i \u00edch khi s\u1eed d\u1ee5ng t\u1eddi \u0111i\u1ec7n PA800 T\u1ea3i tr\u1ecdng 400 &#8211; 800kg<\/h3>\n<ul>\n<li>D\u1ec5 d\u00e0ng n\u00e2ng h\u1ea1 v\u1eadt n\u1eb7ng, gi\u1ea3m c\u00f4ng s\u1ee9c v\u00e0 t\u0103ng hi\u1ec7u qu\u1ea3 trong c\u00f4ng vi\u1ec7c.<\/li>\n<li>Ti\u1ebft ki\u1ec7m th\u1eddi gian lao \u0111\u1ed9ng, gi\u00fap \u0111\u1ea9y nhanh ti\u1ebfn \u0111\u1ed9 n\u00e2ng h\u1ea1 v\u00e0 v\u1eadn chuy\u1ec3n h\u00e0ng.<\/li>\n<li>Gi\u1ea3m chi ph\u00ed thu\u00ea nh\u00e2n c\u00f4ng, h\u1ed7 tr\u1ee3 doanh nghi\u1ec7p t\u1ed1i \u01b0u h\u00f3a ngu\u1ed3n l\u1ef1c lao \u0111\u1ed9ng.<\/li>\n<li>T\u0103ng hi\u1ec7u su\u1ea5t l\u00e0m vi\u1ec7c, gi\u00fap n\u00e2ng cao n\u0103ng su\u1ea5t v\u00e0 hi\u1ec7u qu\u1ea3 trong qu\u00e1 tr\u00ecnh s\u1ea3n xu\u1ea5t.<\/li>\n<li>Gi\u1ea3m s\u1ee9c lao \u0111\u1ed9ng th\u1ee7 c\u00f4ng, h\u1ea1n ch\u1ebf r\u1ee7i ro khi n\u00e2ng v\u1eadt n\u1eb7ng b\u1eb1ng tay truy\u1ec1n th\u1ed1ng.<\/li>\n<li>\u0110\u1ea3m b\u1ea3o an to\u00e0n lao \u0111\u1ed9ng, gi\u00fap tr\u00e1nh tai n\u1ea1n v\u00e0 b\u1ea3o v\u1ec7 s\u1ee9c kh\u1ecfe c\u00f4ng nh\u00e2n t\u1ed1t h\u01a1n.<\/li>\n<\/ul>\n<p><strong>**\u1ee8NG D\u1ee4NG TH\u1ef0C T\u1ebe<\/strong><\/p>\n<ul>\n<li data-start=\"1117\" data-end=\"1159\">\n<p data-start=\"1119\" data-end=\"1159\"><img decoding=\"async\" class=\"emoji\" role=\"img\" draggable=\"false\" src=\"https:\/\/s.w.org\/images\/core\/emoji\/17.0.2\/svg\/1f3e0.svg\" alt=\"\ud83c\udfe0\" \/>\u00a0N\u00e2ng \u0111\u1ed3 gia \u0111\u00ecnh, v\u1eadt li\u1ec7u x\u00e2y d\u1ef1ng<\/p>\n<\/li>\n<li data-start=\"1160\" data-end=\"1205\">\n<p data-start=\"1162\" data-end=\"1205\"><img decoding=\"async\" class=\"emoji\" role=\"img\" draggable=\"false\" src=\"https:\/\/s.w.org\/images\/core\/emoji\/17.0.2\/svg\/1f3d7.svg\" alt=\"\ud83c\udfd7\ufe0f\" \/>\u00a0C\u00f4ng tr\u00ecnh d\u00e2n d\u1ee5ng, s\u1eeda ch\u1eefa nh\u00e0 c\u1eeda<\/p>\n<\/li>\n<li data-start=\"1206\" data-end=\"1246\">\n<p data-start=\"1208\" data-end=\"1246\"><img decoding=\"async\" class=\"emoji\" role=\"img\" draggable=\"false\" src=\"https:\/\/s.w.org\/images\/core\/emoji\/17.0.2\/svg\/1f3ea.svg\" alt=\"\ud83c\udfea\" \/>\u00a0Kho h\u00e0ng, c\u1eeda h\u00e0ng v\u1eadt t\u01b0, c\u01a1 kh\u00ed<\/p>\n<\/li>\n<li data-start=\"1247\" data-end=\"1280\">\n<p data-start=\"1249\" data-end=\"1280\"><img decoding=\"async\" class=\"emoji\" role=\"img\" draggable=\"false\" src=\"https:\/\/s.w.org\/images\/core\/emoji\/17.0.2\/svg\/1f6e0.svg\" alt=\"\ud83d\udee0\ufe0f\" \/>\u00a0X\u01b0\u1edfng s\u1ea3n xu\u1ea5t quy m\u00f4 nh\u1ecf.<\/p>\n<\/li>\n<\/ul>\n<p>**M\u1ecdi th\u00f4ng tin chi ti\u1ebft v\u1ec1 s\u1ea3n ph\u1ea9m c\u0169ng nh\u01b0 c\u00e1c s\u1ea3n ph\u1ea9m Qu\u00fd kh\u00e1ch vui l\u00f2ng li\u00ean h\u1ec7 v\u1edbi ch\u00fang t\u00f4i theo :<\/p>\n<p>\u0110i\u1ec7n tho\u1ea1i:\u00a0<a href=\"tel:0969 623 286\">096<\/a>1.82.50.50\/0942.18.69.69<\/p>\n<p>Email: Ducloctb86 gmail.com<\/p>\n<p>\u0110\u1ecba ch\u1ec9 xem h\u00e0ng : 11 ng\u00f5 14 T\u1ea3 Thanh Oai,Thanh Tr\u00ec, H\u00e0 N\u1ed9i.<\/p>\n<p><span class=\"uJ19be notranslate\" data-wiz-uids=\"Hq3U6c_3g,Hq3U6c_3h,Hq3U6c_3i\" data-processed=\"true\"><span class=\"vKEkVd\" data-animation-atomic=\"\" data-wiz-attrbind=\"class=Hq3U6c_3g\/TKHnVd;\" data-processed=\"true\">\u00a0<\/span><\/span><\/p>\n","protected":false},"excerpt":{"rendered":"<p>M\u00e1y t\u1eddi \u0111i\u1ec7n mini l\u00e0 thi\u1ebft b\u1ecb n\u00e2ng h\u1ea1 d\u00f9ng \u0111i\u1ec7n, th\u01b0\u1eddng \u0111\u01b0\u1ee3c s\u1eed d\u1ee5ng \u0111\u1ec3 di chuy\u1ec3n v\u00e0 n\u00e2ng c\u00e1c v\u1eadt n\u1eb7ng trong c\u00e1c c\u00f4ng vi\u1ec7c nh\u01b0 x\u00e2y d\u1ef1ng, s\u1eeda ch\u1eefa, v\u00e0 v\u1eadn chuy\u1ec3n h\u00e0ng h\u00f3a. \u0110\u01b0\u1ee3c thi\u1ebft k\u1ebf v\u1edbi k\u00edch th\u01b0\u1edbc nh\u1ecf g\u1ecdn, m\u00e1y t\u1eddi \u0111i\u1ec7n mini r\u1ea5t thu\u1eadn ti\u1ec7n cho vi\u1ec7c s\u1eed d\u1ee5ng trong kh\u00f4ng gian h\u1ea1n ch\u1ebf v\u00e0 d\u1ec5 d\u00e0ng di chuy\u1ec3n.<\/p>\n","protected":false},"featured_media":199,"comment_status":"open","ping_status":"closed","template":"","meta":[],"product_brand":[],"product_cat":[15,21],"product_tag":[],"class_list":{"0":"post-198","1":"product","2":"type-product","3":"status-publish","4":"has-post-thumbnail","6":"product_cat-may-toi","7":"product_cat-may-toi-pa","9":"first","10":"instock","11":"sale","12":"shipping-taxable","13":"purchasable","14":"product-type-simple"},"_links":{"self":[{"href":"https:\/\/dienmayphucloc.vn\/index.php\/wp-json\/wp\/v2\/product\/198","targetHints":{"allow":["GET"]}}],"collection":[{"href":"https:\/\/dienmayphucloc.vn\/index.php\/wp-json\/wp\/v2\/product"}],"about":[{"href":"https:\/\/dienmayphucloc.vn\/index.php\/wp-json\/wp\/v2\/types\/product"}],"replies":[{"embeddable":true,"href":"https:\/\/dienmayphucloc.vn\/index.php\/wp-json\/wp\/v2\/comments?post=198"}],"wp:featuredmedia":[{"embeddable":true,"href":"https:\/\/dienmayphucloc.vn\/index.php\/wp-json\/wp\/v2\/media\/199"}],"wp:attachment":[{"href":"https:\/\/dienmayphucloc.vn\/index.php\/wp-json\/wp\/v2\/media?parent=198"}],"wp:term":[{"taxonomy":"product_brand","embeddable":true,"href":"https:\/\/dienmayphucloc.vn\/index.php\/wp-json\/wp\/v2\/product_brand?post=198"},{"taxonomy":"product_cat","embeddable":true,"href":"https:\/\/dienmayphucloc.vn\/index.php\/wp-json\/wp\/v2\/product_cat?post=198"},{"taxonomy":"product_tag","embeddable":true,"href":"https:\/\/dienmayphucloc.vn\/index.php\/wp-json\/wp\/v2\/product_tag?post=198"}],"curies":[{"name":"wp","href":"https:\/\/api.w.org\/{rel}","templated":true}]}}